{"id":1820,"date":"2020-03-26T07:23:06","date_gmt":"2020-03-26T07:23:06","guid":{"rendered":"https:\/\/tristero.qodeinteractive.com\/?page_id=1820"},"modified":"2025-03-24T19:25:51","modified_gmt":"2025-03-24T18:25:51","slug":"inicio","status":"publish","type":"page","link":"https:\/\/victoriatattoos.es\/en\/","title":{"rendered":"INICIO"},"content":{"rendered":"<div data-elementor-type=\"wp-page\" data-elementor-id=\"1820\" class=\"elementor elementor-1820\" data-elementor-post-type=\"page\">\n\t\t\t\t\t\t<section class=\"elementor-section elementor-top-section elementor-element elementor-element-67aeb4b elementor-section-full_width elementor-section-height-default elementor-section-height-default qodef-elementor-content-no\" data-id=\"67aeb4b\" data-element_type=\"section\" data-e-type=\"section\">\n\t\t\t\t\t\t<div class=\"elementor-container elementor-column-gap-default\">\n\t\t\t\t\t<div class=\"elementor-column elementor-col-100 elementor-top-column elementor-element elementor-element-6fbf226\" data-id=\"6fbf226\" data-element_type=\"column\" data-e-type=\"column\" data-settings=\"{&quot;background_background&quot;:&quot;classic&quot;}\">\n\t\t\t<div class=\"elementor-widget-wrap elementor-element-populated\">\n\t\t\t\t\t\t<div class=\"elementor-element elementor-element-05fdb7f elementor-widget elementor-widget-spacer\" data-id=\"05fdb7f\" data-element_type=\"widget\" data-e-type=\"widget\" data-widget_type=\"spacer.default\">\n\t\t\t\t<div class=\"elementor-widget-container\">\n\t\t\t\t\t\t\t<div class=\"elementor-spacer\">\n\t\t\t<div class=\"elementor-spacer-inner\"><\/div>\n\t\t<\/div>\n\t\t\t\t\t\t<\/div>\n\t\t\t\t<\/div>\n\t\t\t\t\t<\/div>\n\t\t<\/div>\n\t\t\t\t\t<\/div>\n\t\t<\/section>\n\t\t\t\t<section class=\"elementor-section elementor-top-section elementor-element elementor-element-7045647 elementor-section-boxed elementor-section-height-default elementor-section-height-default qodef-elementor-content-no\" data-id=\"7045647\" data-element_type=\"section\" data-e-type=\"section\">\n\t\t\t\t\t\t<div class=\"elementor-container elementor-column-gap-default\">\n\t\t\t\t\t<div class=\"elementor-column elementor-col-100 elementor-top-column elementor-element elementor-element-c91c09f\" data-id=\"c91c09f\" data-element_type=\"column\" data-e-type=\"column\">\n\t\t\t<div class=\"elementor-widget-wrap elementor-element-populated\">\n\t\t\t\t\t\t<div class=\"elementor-element elementor-element-80fc3c7 elementor-widget elementor-widget-tristero_core_section_title\" data-id=\"80fc3c7\" data-element_type=\"widget\" data-e-type=\"widget\" data-widget_type=\"tristero_core_section_title.default\">\n\t\t\t\t<div class=\"elementor-widget-container\">\n\t\t\t\t\t<div class=\"qodef-shortcode qodef-m  qodef-section-title qodef-alignment--center\">\n\t    <span class=\"qodef-m-caption\" >M\u00e1s que un Estudio<\/span>\n\t\t<h2 class=\"qodef-m-title\" >\n\t\t\t\t\tEl arte de la conexi\u00f3n.\t\t\t<\/h2>\n\t<\/div>\t\t\t\t<\/div>\n\t\t\t\t<\/div>\n\t\t\t\t<div class=\"elementor-element elementor-element-fc51256 elementor-widget elementor-widget-text-editor\" data-id=\"fc51256\" data-element_type=\"widget\" data-e-type=\"widget\" data-widget_type=\"text-editor.default\">\n\t\t\t\t<div class=\"elementor-widget-container\">\n\t\t\t\t\t\t\t\t\t<p style=\"font-size: 17px; text-align: center;\"><em>\u00abBienvenido a Victoria Tattoo, el lugar donde tu piel se convierte en un lienzo de arte \u00fanico y aut\u00e9ntico.\u00bb<\/em><\/p>\t\t\t\t\t\t\t\t<\/div>\n\t\t\t\t<\/div>\n\t\t\t\t<div class=\"elementor-element elementor-element-9799d44 elementor-widget elementor-widget-text-editor\" data-id=\"9799d44\" data-element_type=\"widget\" data-e-type=\"widget\" data-widget_type=\"text-editor.default\">\n\t\t\t\t<div class=\"elementor-widget-container\">\n\t\t\t\t\t\t\t\t\t<p style=\"text-align: center;\">En <strong>Victoria Tattoo<\/strong>, no hacemos tatuajes, creamos v\u00ednculos. Cada dise\u00f1o cuenta una historia, cada perforaci\u00f3n refleja tu esencia. Somos un espacio donde la creatividad y el respeto por tu estilo personal se unen para dejar una marca inolvidable, en tu piel y en tu vida.<\/p>\t\t\t\t\t\t\t\t<\/div>\n\t\t\t\t<\/div>\n\t\t\t\t<div class=\"elementor-element elementor-element-e1d786e elementor-widget__width-auto boton elementor-widget elementor-widget-tristero_core_button\" data-id=\"e1d786e\" data-element_type=\"widget\" data-e-type=\"widget\" data-widget_type=\"tristero_core_button.default\">\n\t\t\t\t<div class=\"elementor-widget-container\">\n\t\t\t\t\t<a class=\"qodef-shortcode qodef-m  qodef-button qodef-layout--outlined  qodef-html--link\" href=\"https:\/\/victoriatattoos.es\/en\/?page_id=2201\" target=\"_self\"  style=\"padding: 13px 40px 13px 44px\">\n\t<span class=\"qodef-m-text\">D\u00e9janos crear Contigo<\/span>\n<\/a>\t\t\t\t<\/div>\n\t\t\t\t<\/div>\n\t\t\t\t\t<\/div>\n\t\t<\/div>\n\t\t\t\t\t<\/div>\n\t\t<\/section>\n\t\t<div class=\"elementor-element elementor-element-62698da e-grid e-con-boxed e-con e-parent\" data-id=\"62698da\" data-element_type=\"container\" data-e-type=\"container\">\n\t\t\t\t\t<div class=\"e-con-inner\">\n\t\t\t\t<div class=\"elementor-element elementor-element-c59961b elementor-widget elementor-widget-image\" data-id=\"c59961b\" data-element_type=\"widget\" data-e-type=\"widget\" data-widget_type=\"image.default\">\n\t\t\t\t<div class=\"elementor-widget-container\">\n\t\t\t\t\t\t\t\t\t\t\t\t\t\t\t<img fetchpriority=\"high\" decoding=\"async\" width=\"768\" height=\"1024\" src=\"https:\/\/victoriatattoos.es\/wp-content\/uploads\/2024\/11\/IMG_2757-768x1024.jpg\" class=\"attachment-large size-large wp-image-4567\" alt=\"\" srcset=\"https:\/\/victoriatattoos.es\/wp-content\/uploads\/2024\/11\/IMG_2757-768x1024.jpg 768w, https:\/\/victoriatattoos.es\/wp-content\/uploads\/2024\/11\/IMG_2757-225x300.jpg 225w, https:\/\/victoriatattoos.es\/wp-content\/uploads\/2024\/11\/IMG_2757-1152x1536.jpg 1152w, https:\/\/victoriatattoos.es\/wp-content\/uploads\/2024\/11\/IMG_2757-1536x2048.jpg 1536w, https:\/\/victoriatattoos.es\/wp-content\/uploads\/2024\/11\/IMG_2757-600x800.jpg 600w, https:\/\/victoriatattoos.es\/wp-content\/uploads\/2024\/11\/IMG_2757-scaled.jpg 1920w\" sizes=\"(max-width: 768px) 100vw, 768px\" \/>\t\t\t\t\t\t\t\t\t\t\t\t\t\t\t<\/div>\n\t\t\t\t<\/div>\n\t\t\t\t<div class=\"elementor-element elementor-element-fc667ac elementor-widget elementor-widget-image\" data-id=\"fc667ac\" data-element_type=\"widget\" data-e-type=\"widget\" data-widget_type=\"image.default\">\n\t\t\t\t<div class=\"elementor-widget-container\">\n\t\t\t\t\t\t\t\t\t\t\t\t\t\t\t<img decoding=\"async\" width=\"768\" height=\"1024\" src=\"https:\/\/victoriatattoos.es\/wp-content\/uploads\/2024\/11\/IMG_9196-768x1024.jpg\" class=\"attachment-large size-large wp-image-4579\" alt=\"\" srcset=\"https:\/\/victoriatattoos.es\/wp-content\/uploads\/2024\/11\/IMG_9196-768x1024.jpg 768w, https:\/\/victoriatattoos.es\/wp-content\/uploads\/2024\/11\/IMG_9196-225x300.jpg 225w, https:\/\/victoriatattoos.es\/wp-content\/uploads\/2024\/11\/IMG_9196-1152x1536.jpg 1152w, https:\/\/victoriatattoos.es\/wp-content\/uploads\/2024\/11\/IMG_9196-1536x2048.jpg 1536w, https:\/\/victoriatattoos.es\/wp-content\/uploads\/2024\/11\/IMG_9196-600x800.jpg 600w, https:\/\/victoriatattoos.es\/wp-content\/uploads\/2024\/11\/IMG_9196-scaled.jpg 1920w\" sizes=\"(max-width: 768px) 100vw, 768px\" \/>\t\t\t\t\t\t\t\t\t\t\t\t\t\t\t<\/div>\n\t\t\t\t<\/div>\n\t\t\t\t<div class=\"elementor-element elementor-element-5c73bb6 elementor-widget elementor-widget-image\" data-id=\"5c73bb6\" data-element_type=\"widget\" data-e-type=\"widget\" data-widget_type=\"image.default\">\n\t\t\t\t<div class=\"elementor-widget-container\">\n\t\t\t\t\t\t\t\t\t\t\t\t\t\t\t<img decoding=\"async\" width=\"768\" height=\"1024\" src=\"https:\/\/victoriatattoos.es\/wp-content\/uploads\/2024\/11\/IMG_1858-1-768x1024.jpg\" class=\"attachment-large size-large wp-image-4611\" alt=\"\" srcset=\"https:\/\/victoriatattoos.es\/wp-content\/uploads\/2024\/11\/IMG_1858-1-768x1024.jpg 768w, https:\/\/victoriatattoos.es\/wp-content\/uploads\/2024\/11\/IMG_1858-1-225x300.jpg 225w, https:\/\/victoriatattoos.es\/wp-content\/uploads\/2024\/11\/IMG_1858-1-1152x1536.jpg 1152w, https:\/\/victoriatattoos.es\/wp-content\/uploads\/2024\/11\/IMG_1858-1-1536x2048.jpg 1536w, https:\/\/victoriatattoos.es\/wp-content\/uploads\/2024\/11\/IMG_1858-1-600x800.jpg 600w, https:\/\/victoriatattoos.es\/wp-content\/uploads\/2024\/11\/IMG_1858-1-scaled.jpg 1920w\" sizes=\"(max-width: 768px) 100vw, 768px\" \/>\t\t\t\t\t\t\t\t\t\t\t\t\t\t\t<\/div>\n\t\t\t\t<\/div>\n\t\t\t\t\t<\/div>\n\t\t\t\t<\/div>\n\t\t\t\t<section class=\"elementor-section elementor-top-section elementor-element elementor-element-915af48 elementor-section-boxed elementor-section-height-default elementor-section-height-default qodef-elementor-content-no\" data-id=\"915af48\" data-element_type=\"section\" data-e-type=\"section\">\n\t\t\t\t\t\t<div class=\"elementor-container elementor-column-gap-default\">\n\t\t\t\t\t<div class=\"elementor-column elementor-col-100 elementor-top-column elementor-element elementor-element-974d86a\" data-id=\"974d86a\" data-element_type=\"column\" data-e-type=\"column\">\n\t\t\t<div class=\"elementor-widget-wrap elementor-element-populated\">\n\t\t\t\t\t\t<div class=\"elementor-element elementor-element-4a7c3c9 elementor-widget elementor-widget-tristero_core_section_title\" data-id=\"4a7c3c9\" data-element_type=\"widget\" data-e-type=\"widget\" data-widget_type=\"tristero_core_section_title.default\">\n\t\t\t\t<div class=\"elementor-widget-container\">\n\t\t\t\t\t<div class=\"qodef-shortcode qodef-m  qodef-section-title qodef-alignment--center\">\n\t    <span class=\"qodef-m-caption\" >\u00bfListo para tu pr\u00f3ximo paso?<\/span>\n\t\t<h2 class=\"qodef-m-title\" >\n\t\t\t\t\tReserva Tu Experiencia\t\t\t<\/h2>\n\t<\/div>\t\t\t\t<\/div>\n\t\t\t\t<\/div>\n\t\t\t\t<div class=\"elementor-element elementor-element-59ae0b0 elementor-widget elementor-widget-text-editor\" data-id=\"59ae0b0\" data-element_type=\"widget\" data-e-type=\"widget\" data-widget_type=\"text-editor.default\">\n\t\t\t\t<div class=\"elementor-widget-container\">\n\t\t\t\t\t\t\t\t\t<p style=\"font-size: 17px; text-align: center;\">Tu piel es un lienzo esperando ser explorado. No importa si es tu primer tatuaje, un piercing o una nueva obra maestra, estamos aqu\u00ed para hacerlo realidad.<\/p>\t\t\t\t\t\t\t\t<\/div>\n\t\t\t\t<\/div>\n\t\t\t\t<div class=\"elementor-element elementor-element-f5e9112 elementor-widget elementor-widget-wp-widget-tristero_core_contact_form_7\" data-id=\"f5e9112\" data-element_type=\"widget\" data-e-type=\"widget\" data-widget_type=\"wp-widget-tristero_core_contact_form_7.default\">\n\t\t\t\t<div class=\"elementor-widget-container\">\n\t\t\t\t\t\t\t\t<div class=\"qodef-contact-form-7\">\n\t\t\t\t\n<div class=\"wpcf7 no-js\" id=\"wpcf7-f648-o1\" lang=\"en-US\" dir=\"ltr\" data-wpcf7-id=\"648\">\n<div class=\"screen-reader-response\"><p role=\"status\" aria-live=\"polite\" aria-atomic=\"true\"><\/p> <ul><\/ul><\/div>\n<form action=\"\/en\/wp-json\/wp\/v2\/pages\/1820#wpcf7-f648-o1\" method=\"post\" class=\"wpcf7-form init\" aria-label=\"Contact form\" novalidate=\"novalidate\" data-status=\"init\" data-trp-original-action=\"\/en\/wp-json\/wp\/v2\/pages\/1820#wpcf7-f648-o1\">\n<div style=\"display: none;\">\n<input type=\"hidden\" name=\"_wpcf7\" value=\"648\" \/>\n<input type=\"hidden\" name=\"_wpcf7_version\" value=\"6.0.6\" \/>\n<input type=\"hidden\" name=\"_wpcf7_locale\" value=\"en_US\" \/>\n<input type=\"hidden\" name=\"_wpcf7_unit_tag\" value=\"wpcf7-f648-o1\" \/>\n<input type=\"hidden\" name=\"_wpcf7_container_post\" value=\"0\" \/>\n<input type=\"hidden\" name=\"_wpcf7_posted_data_hash\" value=\"\" \/>\n<\/div>\n<div class=\"qodef-contactform-two\">\n<div class=\"qodef-cf-input\">\n<span class=\"wpcf7-form-control-wrap\" data-name=\"your-name\"><input size=\"40\" maxlength=\"400\" class=\"wpcf7-form-control wpcf7-text wpcf7-validates-as-required\" aria-required=\"true\" aria-invalid=\"false\" placeholder=\"Nombre\" value=\"\" type=\"text\" name=\"your-name\" \/><\/span>\n<\/div>\n\n<div class=\"qodef-cf-input\">\n<span class=\"wpcf7-form-control-wrap\" data-name=\"your-email\"><input size=\"40\" maxlength=\"400\" class=\"wpcf7-form-control wpcf7-email wpcf7-validates-as-required wpcf7-text wpcf7-validates-as-email\" aria-required=\"true\" aria-invalid=\"false\" placeholder=\"Email\" value=\"\" type=\"email\" name=\"your-email\" \/><\/span>\n<\/div>\n\n<div class=\"qodef-cf-textarea\">\n<span class=\"wpcf7-form-control-wrap\" data-name=\"your-message\"><textarea cols=\"30\" rows=\"5\" maxlength=\"2000\" class=\"wpcf7-form-control wpcf7-textarea wpcf7-validates-as-required\" aria-required=\"true\" aria-invalid=\"false\" placeholder=\"Mensaje\" name=\"your-message\"><\/textarea><\/span>\n<\/div>\n\n<div class=\"qodef-cf-submit\">\n<button class=\"wpcf7-form-control wpcf7-submit qodef-button qodef-size--normal qodef-type--filled qodef-m\" type=\"submit\"><span class=\"qodef-m-text\">Enviar<\/span><\/button>\n<\/div>\n<\/div><div class=\"wpcf7-response-output\" aria-hidden=\"true\"><\/div>\n<input type=\"hidden\" name=\"trp-form-language\" value=\"en\"\/><\/form>\n<\/div>\n\t\t\t<\/div>\n\t\t\t\t\t\t\t<\/div>\n\t\t\t\t<\/div>\n\t\t\t\t\t<\/div>\n\t\t<\/div>\n\t\t\t\t\t<\/div>\n\t\t<\/section>\n\t\t\t\t<section class=\"elementor-section elementor-top-section elementor-element elementor-element-84c66b4 elementor-section-full_width elementor-section-height-default elementor-section-height-default qodef-elementor-content-no\" data-id=\"84c66b4\" data-element_type=\"section\" data-e-type=\"section\">\n\t\t\t\t\t\t<div class=\"elementor-container elementor-column-gap-default\">\n\t\t\t\t\t<div class=\"elementor-column elementor-col-100 elementor-top-column elementor-element elementor-element-9a728db\" data-id=\"9a728db\" data-element_type=\"column\" data-e-type=\"column\">\n\t\t\t<div class=\"elementor-widget-wrap elementor-element-populated\">\n\t\t\t\t\t\t<div class=\"elementor-element elementor-element-a690bbb elementor-widget elementor-widget-shortcode\" data-id=\"a690bbb\" data-element_type=\"widget\" data-e-type=\"widget\" data-widget_type=\"shortcode.default\">\n\t\t\t\t<div class=\"elementor-widget-container\">\n\t\t\t\t\t\t\t<div class=\"elementor-shortcode\"><iframe src=\"https:\/\/www.google.com\/maps\/embed?pb=!1m18!1m12!1m3!1d2992.6116304193743!2d2.164435513142424!3d41.40423987117787!2m3!1f0!2f0!3f0!3m2!1i1024!2i768!4f13.1!3m3!1m2!1s0x12a4a2c0e246c92f%3A0x62e5c7453b986389!2sCarrer%20de%20la%20Ind%C3%BAstria%2C%2049%2C%20Local%202%2C%20Gr%C3%A0cia%2C%2008025%20Barcelona!5e0!3m2!1ses!2ses!4v1732696080698!5m2!1ses!2ses\" width=\"600\" height=\"450\" style=\"border:0;\" allowfullscreen=\"\" loading=\"lazy\" referrerpolicy=\"no-referrer-when-downgrade\"><\/iframe><\/div>\n\t\t\t\t\t\t<\/div>\n\t\t\t\t<\/div>\n\t\t\t\t\t<\/div>\n\t\t<\/div>\n\t\t\t\t\t<\/div>\n\t\t<\/section>\n\t\t\t\t<\/div>","protected":false},"excerpt":{"rendered":"<p>M\u00e1s que un Estudio El arte de la conexi\u00f3n. \u00abBienvenido a Victoria Tattoo, el lugar donde tu piel se convierte en un lienzo de arte \u00fanico y aut\u00e9ntico.\u00bb En Victoria Tattoo, no hacemos tatuajes, creamos v\u00ednculos. Cada dise\u00f1o cuenta una historia, cada perforaci\u00f3n refleja tu esencia. Somos un espacio donde la creatividad y el respeto [&hellip;]<\/p>","protected":false},"author":1,"featured_media":0,"parent":0,"menu_order":0,"comment_status":"closed","ping_status":"closed","template":"page-full-width.php","meta":{"inline_featured_image":false,"footnotes":""},"class_list":["post-1820","page","type-page","status-publish","hentry"],"yoast_head":"<!-- This site is optimized with the Yoast SEO plugin v23.9 - https:\/\/yoast.com\/wordpress\/plugins\/seo\/ -->\n<title>INICIO - victoria tattoos<\/title>\n<meta name=\"robots\" content=\"index, follow, max-snippet:-1, max-image-preview:large, max-video-preview:-1\" \/>\n<link rel=\"canonical\" href=\"https:\/\/victoriatattoos.es\/en\/\" \/>\n<meta property=\"og:locale\" content=\"en_US\" \/>\n<meta property=\"og:type\" content=\"article\" \/>\n<meta property=\"og:title\" content=\"INICIO - victoria tattoos\" \/>\n<meta property=\"og:description\" content=\"M\u00e1s que un Estudio El arte de la conexi\u00f3n. \u00abBienvenido a Victoria Tattoo, el lugar donde tu piel se convierte en un lienzo de arte \u00fanico y aut\u00e9ntico.\u00bb En Victoria Tattoo, no hacemos tatuajes, creamos v\u00ednculos. Cada dise\u00f1o cuenta una historia, cada perforaci\u00f3n refleja tu esencia. Somos un espacio donde la creatividad y el respeto [&hellip;]\" \/>\n<meta property=\"og:url\" content=\"https:\/\/victoriatattoos.es\/en\/\" \/>\n<meta property=\"og:site_name\" content=\"victoria tattoos\" \/>\n<meta property=\"article:modified_time\" content=\"2025-03-24T18:25:51+00:00\" \/>\n<meta name=\"twitter:card\" content=\"summary_large_image\" \/>\n<meta name=\"twitter:label1\" content=\"Est. reading time\" \/>\n\t<meta name=\"twitter:data1\" content=\"2 minutes\" \/>\n<script type=\"application\/ld+json\" class=\"yoast-schema-graph\">{\"@context\":\"https:\/\/schema.org\",\"@graph\":[{\"@type\":\"WebPage\",\"@id\":\"https:\/\/victoriatattoos.es\/\",\"url\":\"https:\/\/victoriatattoos.es\/\",\"name\":\"INICIO - victoria tattoos\",\"isPartOf\":{\"@id\":\"https:\/\/victoriatattoos.es\/#website\"},\"primaryImageOfPage\":{\"@id\":\"https:\/\/victoriatattoos.es\/#primaryimage\"},\"image\":{\"@id\":\"https:\/\/victoriatattoos.es\/#primaryimage\"},\"thumbnailUrl\":\"https:\/\/victoriatattoos.es\/wp-content\/uploads\/2024\/11\/IMG_2757-768x1024.jpg\",\"datePublished\":\"2020-03-26T07:23:06+00:00\",\"dateModified\":\"2025-03-24T18:25:51+00:00\",\"breadcrumb\":{\"@id\":\"https:\/\/victoriatattoos.es\/#breadcrumb\"},\"inLanguage\":\"en-US\",\"potentialAction\":[{\"@type\":\"ReadAction\",\"target\":[\"https:\/\/victoriatattoos.es\/\"]}]},{\"@type\":\"ImageObject\",\"inLanguage\":\"en-US\",\"@id\":\"https:\/\/victoriatattoos.es\/#primaryimage\",\"url\":\"https:\/\/victoriatattoos.es\/wp-content\/uploads\/2024\/11\/IMG_2757-768x1024.jpg\",\"contentUrl\":\"https:\/\/victoriatattoos.es\/wp-content\/uploads\/2024\/11\/IMG_2757-768x1024.jpg\"},{\"@type\":\"BreadcrumbList\",\"@id\":\"https:\/\/victoriatattoos.es\/#breadcrumb\",\"itemListElement\":[{\"@type\":\"ListItem\",\"position\":1,\"name\":\"Portada\",\"item\":\"https:\/\/victoriatattoos.es\/\"},{\"@type\":\"ListItem\",\"position\":2,\"name\":\"INICIO\"}]},{\"@type\":\"WebSite\",\"@id\":\"https:\/\/victoriatattoos.es\/#website\",\"url\":\"https:\/\/victoriatattoos.es\/\",\"name\":\"victoria tattoos\",\"description\":\"\",\"publisher\":{\"@id\":\"https:\/\/victoriatattoos.es\/#organization\"},\"potentialAction\":[{\"@type\":\"SearchAction\",\"target\":{\"@type\":\"EntryPoint\",\"urlTemplate\":\"https:\/\/victoriatattoos.es\/?s={search_term_string}\"},\"query-input\":{\"@type\":\"PropertyValueSpecification\",\"valueRequired\":true,\"valueName\":\"search_term_string\"}}],\"inLanguage\":\"en-US\"},{\"@type\":\"Organization\",\"@id\":\"https:\/\/victoriatattoos.es\/#organization\",\"name\":\"victoria tattoos\",\"url\":\"https:\/\/victoriatattoos.es\/\",\"logo\":{\"@type\":\"ImageObject\",\"inLanguage\":\"en-US\",\"@id\":\"https:\/\/victoriatattoos.es\/#\/schema\/logo\/image\/\",\"url\":\"https:\/\/victoriatattoos.es\/wp-content\/uploads\/2024\/11\/Captura-de-pantalla-2024-11-26-a-las-4.51.51\u202fp.\u202fm.png\",\"contentUrl\":\"https:\/\/victoriatattoos.es\/wp-content\/uploads\/2024\/11\/Captura-de-pantalla-2024-11-26-a-las-4.51.51\u202fp.\u202fm.png\",\"width\":1892,\"height\":3336,\"caption\":\"victoria tattoos\"},\"image\":{\"@id\":\"https:\/\/victoriatattoos.es\/#\/schema\/logo\/image\/\"}}]}<\/script>\n<!-- \/ Yoast SEO plugin. -->","yoast_head_json":{"title":"INICIO - victoria tattoos","robots":{"index":"index","follow":"follow","max-snippet":"max-snippet:-1","max-image-preview":"max-image-preview:large","max-video-preview":"max-video-preview:-1"},"canonical":"https:\/\/victoriatattoos.es\/en\/","og_locale":"en_US","og_type":"article","og_title":"INICIO - victoria tattoos","og_description":"M\u00e1s que un Estudio El arte de la conexi\u00f3n. \u00abBienvenido a Victoria Tattoo, el lugar donde tu piel se convierte en un lienzo de arte \u00fanico y aut\u00e9ntico.\u00bb En Victoria Tattoo, no hacemos tatuajes, creamos v\u00ednculos. Cada dise\u00f1o cuenta una historia, cada perforaci\u00f3n refleja tu esencia. Somos un espacio donde la creatividad y el respeto [&hellip;]","og_url":"https:\/\/victoriatattoos.es\/en\/","og_site_name":"victoria tattoos","article_modified_time":"2025-03-24T18:25:51+00:00","twitter_card":"summary_large_image","twitter_misc":{"Est. reading time":"2 minutes"},"schema":{"@context":"https:\/\/schema.org","@graph":[{"@type":"WebPage","@id":"https:\/\/victoriatattoos.es\/","url":"https:\/\/victoriatattoos.es\/","name":"INICIO - victoria tattoos","isPartOf":{"@id":"https:\/\/victoriatattoos.es\/#website"},"primaryImageOfPage":{"@id":"https:\/\/victoriatattoos.es\/#primaryimage"},"image":{"@id":"https:\/\/victoriatattoos.es\/#primaryimage"},"thumbnailUrl":"https:\/\/victoriatattoos.es\/wp-content\/uploads\/2024\/11\/IMG_2757-768x1024.jpg","datePublished":"2020-03-26T07:23:06+00:00","dateModified":"2025-03-24T18:25:51+00:00","breadcrumb":{"@id":"https:\/\/victoriatattoos.es\/#breadcrumb"},"inLanguage":"en-US","potentialAction":[{"@type":"ReadAction","target":["https:\/\/victoriatattoos.es\/"]}]},{"@type":"ImageObject","inLanguage":"en-US","@id":"https:\/\/victoriatattoos.es\/#primaryimage","url":"https:\/\/victoriatattoos.es\/wp-content\/uploads\/2024\/11\/IMG_2757-768x1024.jpg","contentUrl":"https:\/\/victoriatattoos.es\/wp-content\/uploads\/2024\/11\/IMG_2757-768x1024.jpg"},{"@type":"BreadcrumbList","@id":"https:\/\/victoriatattoos.es\/#breadcrumb","itemListElement":[{"@type":"ListItem","position":1,"name":"Portada","item":"https:\/\/victoriatattoos.es\/"},{"@type":"ListItem","position":2,"name":"INICIO"}]},{"@type":"WebSite","@id":"https:\/\/victoriatattoos.es\/#website","url":"https:\/\/victoriatattoos.es\/","name":"victoria tattoos","description":"","publisher":{"@id":"https:\/\/victoriatattoos.es\/#organization"},"potentialAction":[{"@type":"SearchAction","target":{"@type":"EntryPoint","urlTemplate":"https:\/\/victoriatattoos.es\/?s={search_term_string}"},"query-input":{"@type":"PropertyValueSpecification","valueRequired":true,"valueName":"search_term_string"}}],"inLanguage":"en-US"},{"@type":"Organization","@id":"https:\/\/victoriatattoos.es\/#organization","name":"victoria tattoos","url":"https:\/\/victoriatattoos.es\/","logo":{"@type":"ImageObject","inLanguage":"en-US","@id":"https:\/\/victoriatattoos.es\/#\/schema\/logo\/image\/","url":"https:\/\/victoriatattoos.es\/wp-content\/uploads\/2024\/11\/Captura-de-pantalla-2024-11-26-a-las-4.51.51\u202fp.\u202fm.png","contentUrl":"https:\/\/victoriatattoos.es\/wp-content\/uploads\/2024\/11\/Captura-de-pantalla-2024-11-26-a-las-4.51.51\u202fp.\u202fm.png","width":1892,"height":3336,"caption":"victoria tattoos"},"image":{"@id":"https:\/\/victoriatattoos.es\/#\/schema\/logo\/image\/"}}]}},"_links":{"self":[{"href":"https:\/\/victoriatattoos.es\/en\/wp-json\/wp\/v2\/pages\/1820","targetHints":{"allow":["GET"]}}],"collection":[{"href":"https:\/\/victoriatattoos.es\/en\/wp-json\/wp\/v2\/pages"}],"about":[{"href":"https:\/\/victoriatattoos.es\/en\/wp-json\/wp\/v2\/types\/page"}],"author":[{"embeddable":true,"href":"https:\/\/victoriatattoos.es\/en\/wp-json\/wp\/v2\/users\/1"}],"replies":[{"embeddable":true,"href":"https:\/\/victoriatattoos.es\/en\/wp-json\/wp\/v2\/comments?post=1820"}],"version-history":[{"count":81,"href":"https:\/\/victoriatattoos.es\/en\/wp-json\/wp\/v2\/pages\/1820\/revisions"}],"predecessor-version":[{"id":5054,"href":"https:\/\/victoriatattoos.es\/en\/wp-json\/wp\/v2\/pages\/1820\/revisions\/5054"}],"wp:attachment":[{"href":"https:\/\/victoriatattoos.es\/en\/wp-json\/wp\/v2\/media?parent=1820"}],"curies":[{"name":"wp","href":"https:\/\/api.w.org\/{rel}","templated":true}]}}