{"id":2201,"date":"2020-03-27T09:01:16","date_gmt":"2020-03-27T09:01:16","guid":{"rendered":"https:\/\/tristero.qodeinteractive.com\/?page_id=2201"},"modified":"2024-11-27T15:25:47","modified_gmt":"2024-11-27T14:25:47","slug":"contacto","status":"publish","type":"page","link":"https:\/\/victoriatattoos.es\/en\/contacto\/","title":{"rendered":"Contacto"},"content":{"rendered":"<div data-elementor-type=\"wp-page\" data-elementor-id=\"2201\" class=\"elementor elementor-2201\" data-elementor-post-type=\"page\">\n\t\t\t\t\t\t<section class=\"elementor-section elementor-top-section elementor-element elementor-element-e64a14b qodef-elementor-content-grid elementor-section-boxed elementor-section-height-default elementor-section-height-default\" data-id=\"e64a14b\" data-element_type=\"section\" data-e-type=\"section\">\n\t\t\t\t\t\t<div class=\"elementor-container elementor-column-gap-default\">\n\t\t\t\t\t<div class=\"elementor-column elementor-col-50 elementor-top-column elementor-element elementor-element-9e96643\" data-id=\"9e96643\" data-element_type=\"column\" data-e-type=\"column\">\n\t\t\t<div class=\"elementor-widget-wrap elementor-element-populated\">\n\t\t\t\t\t\t<div class=\"elementor-element elementor-element-c4e2d77 elementor-widget elementor-widget-tristero_core_section_title\" data-id=\"c4e2d77\" data-element_type=\"widget\" data-e-type=\"widget\" data-widget_type=\"tristero_core_section_title.default\">\n\t\t\t\t<div class=\"elementor-widget-container\">\n\t\t\t\t\t<div class=\"qodef-shortcode qodef-m  qodef-section-title qodef-alignment--left\">\n\t    <span class=\"qodef-m-caption\" >\u00bfListo para tu pr\u00f3ximo tatuaje?<\/span>\n\t\t<h2 class=\"qodef-m-title\" >\n\t\t\t\t\tReserva Tu Cita\t\t\t<\/h2>\n\t<\/div>\t\t\t\t<\/div>\n\t\t\t\t<\/div>\n\t\t\t\t<div class=\"elementor-element elementor-element-0dd86aa elementor-widget elementor-widget-text-editor\" data-id=\"0dd86aa\" data-element_type=\"widget\" data-e-type=\"widget\" data-widget_type=\"text-editor.default\">\n\t\t\t\t<div class=\"elementor-widget-container\">\n\t\t\t\t\t\t\t\t\t<p style=\"text-align: left;\">En <strong>Victoria Tattoos<\/strong>, tu experiencia comienza aqu\u00ed. Tanto si ya tienes una idea clara como si necesitas asesoramiento, estoy aqu\u00ed para ayudarte a dar vida a tu dise\u00f1o.<\/p><p>\u00a0<\/p>\t\t\t\t\t\t\t\t<\/div>\n\t\t\t\t<\/div>\n\t\t\t\t<section class=\"elementor-section elementor-inner-section elementor-element elementor-element-cfa99b1 elementor-section-boxed elementor-section-height-default elementor-section-height-default qodef-elementor-content-no\" data-id=\"cfa99b1\" data-element_type=\"section\" data-e-type=\"section\">\n\t\t\t\t\t\t<div class=\"elementor-container elementor-column-gap-default\">\n\t\t\t\t\t<div class=\"elementor-column elementor-col-100 elementor-inner-column elementor-element elementor-element-6cff33d\" data-id=\"6cff33d\" data-element_type=\"column\" data-e-type=\"column\">\n\t\t\t<div class=\"elementor-widget-wrap elementor-element-populated\">\n\t\t\t\t\t\t<div class=\"elementor-element elementor-element-54c87be elementor-widget elementor-widget-tristero_core_custom_font\" data-id=\"54c87be\" data-element_type=\"widget\" data-e-type=\"widget\" data-widget_type=\"tristero_core_custom_font.default\">\n\t\t\t\t<div class=\"elementor-widget-container\">\n\t\t\t\t\t\n<p class=\"qodef-shortcode qodef-m qodef-gray-hover qodef-custom-font qodef-custom-font-622 qodef-layout--simple\" style=\"color: #000000;font-family: playfair display;font-size: 17px;line-height: 29px;font-weight: 400;font-style: italic\">CALLE INDUSTRIA 49. Local 2 08025 Barcelona <\/p>\n\n\t\t\t\t<\/div>\n\t\t\t\t<\/div>\n\t\t\t\t<div class=\"elementor-element elementor-element-215c963 elementor-widget elementor-widget-tristero_core_custom_font\" data-id=\"215c963\" data-element_type=\"widget\" data-e-type=\"widget\" data-widget_type=\"tristero_core_custom_font.default\">\n\t\t\t\t<div class=\"elementor-widget-container\">\n\t\t\t\t\t<a href=\"tel:+34619353977\" target=\"_self\">\n\n<p class=\"qodef-shortcode qodef-m qodef-gray-hover qodef-custom-font qodef-custom-font-9573 qodef-layout--simple\" style=\"color: #000000;font-family: playfair display;font-size: 17px;line-height: 29px;font-weight: 400;font-style: italic\">+34 619 35 39 77<\/p>\n\n<\/a>\n\t\t\t\t<\/div>\n\t\t\t\t<\/div>\n\t\t\t\t\t<\/div>\n\t\t<\/div>\n\t\t\t\t\t<\/div>\n\t\t<\/section>\n\t\t\t\t\t<\/div>\n\t\t<\/div>\n\t\t\t\t<div class=\"elementor-column elementor-col-50 elementor-top-column elementor-element elementor-element-289f649\" data-id=\"289f649\" data-element_type=\"column\" data-e-type=\"column\">\n\t\t\t<div class=\"elementor-widget-wrap elementor-element-populated\">\n\t\t\t\t\t\t<div class=\"elementor-element elementor-element-2415455 elementor-widget elementor-widget-text-editor\" data-id=\"2415455\" data-element_type=\"widget\" data-e-type=\"widget\" data-widget_type=\"text-editor.default\">\n\t\t\t\t<div class=\"elementor-widget-container\">\n\t\t\t\t\t\t\t\t\t<h3><strong>C\u00f3mo Hacerlo<\/strong><\/h3><ol><li><p><strong>Completa el formulario:<\/strong><br \/>Rellena el formulario que encontrar\u00e1s a continuaci\u00f3n para solicitar m\u00e1s informaci\u00f3n o agendar tu cita.<\/p><\/li><li><p><strong>S\u00edgueme en Instagram:<\/strong><br \/>Descubre mis trabajos anteriores y encuentra inspiraci\u00f3n:<\/p><ul><li><a href=\"https:\/\/instagram.com\/victoriatattoos\" target=\"_new\" rel=\"noopener\">@victoriatattoos<\/a> para estilos variados.<\/li><li><a href=\"https:\/\/instagram.com\/victoria.fineline\" target=\"_new\" rel=\"noopener\">@victoria.fineline<\/a> para dise\u00f1os Fine Line.<\/li><\/ul><\/li><li><p><strong>Vis\u00edtame en el estudio:<\/strong><br \/>Si prefieres un trato personalizado, ac\u00e9rcate al estudio. Estar\u00e9 encantada de escucharte, resolver tus dudas y planificar juntos\/as el tatuaje perfecto.<\/p><\/li><\/ol>\t\t\t\t\t\t\t\t<\/div>\n\t\t\t\t<\/div>\n\t\t\t\t<div class=\"elementor-element elementor-element-526d23e elementor-widget elementor-widget-wp-widget-tristero_core_contact_form_7\" data-id=\"526d23e\" data-element_type=\"widget\" data-e-type=\"widget\" data-widget_type=\"wp-widget-tristero_core_contact_form_7.default\">\n\t\t\t\t<div class=\"elementor-widget-container\">\n\t\t\t\t\t\t\t\t<div class=\"qodef-contact-form-7\">\n\t\t\t\t\n<div class=\"wpcf7 no-js\" id=\"wpcf7-f648-o1\" lang=\"en-US\" dir=\"ltr\" data-wpcf7-id=\"648\">\n<div class=\"screen-reader-response\"><p role=\"status\" aria-live=\"polite\" aria-atomic=\"true\"><\/p> <ul><\/ul><\/div>\n<form action=\"\/en\/wp-json\/wp\/v2\/pages\/2201#wpcf7-f648-o1\" method=\"post\" class=\"wpcf7-form init\" aria-label=\"Contact form\" novalidate=\"novalidate\" data-status=\"init\" data-trp-original-action=\"\/en\/wp-json\/wp\/v2\/pages\/2201#wpcf7-f648-o1\">\n<div style=\"display: none;\">\n<input type=\"hidden\" name=\"_wpcf7\" value=\"648\" \/>\n<input type=\"hidden\" name=\"_wpcf7_version\" value=\"6.0.6\" \/>\n<input type=\"hidden\" name=\"_wpcf7_locale\" value=\"en_US\" \/>\n<input type=\"hidden\" name=\"_wpcf7_unit_tag\" value=\"wpcf7-f648-o1\" \/>\n<input type=\"hidden\" name=\"_wpcf7_container_post\" value=\"0\" \/>\n<input type=\"hidden\" name=\"_wpcf7_posted_data_hash\" value=\"\" \/>\n<\/div>\n<div class=\"qodef-contactform-two\">\n<div class=\"qodef-cf-input\">\n<span class=\"wpcf7-form-control-wrap\" data-name=\"your-name\"><input size=\"40\" maxlength=\"400\" class=\"wpcf7-form-control wpcf7-text wpcf7-validates-as-required\" aria-required=\"true\" aria-invalid=\"false\" placeholder=\"Nombre\" value=\"\" type=\"text\" name=\"your-name\" \/><\/span>\n<\/div>\n\n<div class=\"qodef-cf-input\">\n<span class=\"wpcf7-form-control-wrap\" data-name=\"your-email\"><input size=\"40\" maxlength=\"400\" class=\"wpcf7-form-control wpcf7-email wpcf7-validates-as-required wpcf7-text wpcf7-validates-as-email\" aria-required=\"true\" aria-invalid=\"false\" placeholder=\"Email\" value=\"\" type=\"email\" name=\"your-email\" \/><\/span>\n<\/div>\n\n<div class=\"qodef-cf-textarea\">\n<span class=\"wpcf7-form-control-wrap\" data-name=\"your-message\"><textarea cols=\"30\" rows=\"5\" maxlength=\"2000\" class=\"wpcf7-form-control wpcf7-textarea wpcf7-validates-as-required\" aria-required=\"true\" aria-invalid=\"false\" placeholder=\"Mensaje\" name=\"your-message\"><\/textarea><\/span>\n<\/div>\n\n<div class=\"qodef-cf-submit\">\n<button class=\"wpcf7-form-control wpcf7-submit qodef-button qodef-size--normal qodef-type--filled qodef-m\" type=\"submit\"><span class=\"qodef-m-text\">Enviar<\/span><\/button>\n<\/div>\n<\/div><div class=\"wpcf7-response-output\" aria-hidden=\"true\"><\/div>\n<input type=\"hidden\" name=\"trp-form-language\" value=\"en\"\/><\/form>\n<\/div>\n\t\t\t<\/div>\n\t\t\t\t\t\t\t<\/div>\n\t\t\t\t<\/div>\n\t\t\t\t<div class=\"elementor-element elementor-element-08b2f8d elementor-widget elementor-widget-spacer\" data-id=\"08b2f8d\" data-element_type=\"widget\" data-e-type=\"widget\" data-widget_type=\"spacer.default\">\n\t\t\t\t<div class=\"elementor-widget-container\">\n\t\t\t\t\t\t\t<div class=\"elementor-spacer\">\n\t\t\t<div class=\"elementor-spacer-inner\"><\/div>\n\t\t<\/div>\n\t\t\t\t\t\t<\/div>\n\t\t\t\t<\/div>\n\t\t\t\t\t<\/div>\n\t\t<\/div>\n\t\t\t\t\t<\/div>\n\t\t<\/section>\n\t\t\t\t<section class=\"elementor-section elementor-top-section elementor-element elementor-element-8ee983f elementor-section-full_width elementor-section-height-default elementor-section-height-default qodef-elementor-content-no\" data-id=\"8ee983f\" data-element_type=\"section\" data-e-type=\"section\">\n\t\t\t\t\t\t<div class=\"elementor-container elementor-column-gap-default\">\n\t\t\t\t\t<div class=\"elementor-column elementor-col-100 elementor-top-column elementor-element elementor-element-57fbf6b\" data-id=\"57fbf6b\" data-element_type=\"column\" data-e-type=\"column\">\n\t\t\t<div class=\"elementor-widget-wrap elementor-element-populated\">\n\t\t\t\t\t\t<div class=\"elementor-element elementor-element-b39cc66 elementor-widget elementor-widget-shortcode\" data-id=\"b39cc66\" data-element_type=\"widget\" data-e-type=\"widget\" data-widget_type=\"shortcode.default\">\n\t\t\t\t<div class=\"elementor-widget-container\">\n\t\t\t\t\t\t\t<div class=\"elementor-shortcode\"><iframe src=\"https:\/\/www.google.com\/maps\/embed?pb=!1m18!1m12!1m3!1d2992.6116304193743!2d2.164435513142424!3d41.40423987117787!2m3!1f0!2f0!3f0!3m2!1i1024!2i768!4f13.1!3m3!1m2!1s0x12a4a2c0e246c92f%3A0x62e5c7453b986389!2sCarrer%20de%20la%20Ind%C3%BAstria%2C%2049%2C%20Local%202%2C%20Gr%C3%A0cia%2C%2008025%20Barcelona!5e0!3m2!1ses!2ses!4v1732696080698!5m2!1ses!2ses\" width=\"600\" height=\"450\" style=\"border:0;\" allowfullscreen=\"\" loading=\"lazy\" referrerpolicy=\"no-referrer-when-downgrade\"><\/iframe><\/div>\n\t\t\t\t\t\t<\/div>\n\t\t\t\t<\/div>\n\t\t\t\t\t<\/div>\n\t\t<\/div>\n\t\t\t\t\t<\/div>\n\t\t<\/section>\n\t\t\t\t<\/div>","protected":false},"excerpt":{"rendered":"<p>\u00bfListo para tu pr\u00f3ximo tatuaje? Reserva Tu Cita En Victoria Tattoos, tu experiencia comienza aqu\u00ed. Tanto si ya tienes una idea clara como si necesitas asesoramiento, estoy aqu\u00ed para ayudarte a dar vida a tu dise\u00f1o. \u00a0 CALLE INDUSTRIA 49. Local 2 08025 Barcelona +34 619 35 39 77 C\u00f3mo Hacerlo Completa el formulario:Rellena el [&hellip;]<\/p>","protected":false},"author":1,"featured_media":0,"parent":0,"menu_order":0,"comment_status":"closed","ping_status":"closed","template":"page-full-width.php","meta":{"inline_featured_image":false,"footnotes":""},"class_list":["post-2201","page","type-page","status-publish","hentry"],"yoast_head":"<!-- This site is optimized with the Yoast SEO plugin v23.9 - https:\/\/yoast.com\/wordpress\/plugins\/seo\/ -->\n<title>Contacto - victoria tattoos<\/title>\n<meta name=\"robots\" content=\"index, follow, max-snippet:-1, max-image-preview:large, max-video-preview:-1\" \/>\n<link rel=\"canonical\" href=\"https:\/\/victoriatattoos.es\/en\/contacto\/\" \/>\n<meta property=\"og:locale\" content=\"en_US\" \/>\n<meta property=\"og:type\" content=\"article\" \/>\n<meta property=\"og:title\" content=\"Contacto - victoria tattoos\" \/>\n<meta property=\"og:description\" content=\"\u00bfListo para tu pr\u00f3ximo tatuaje? Reserva Tu Cita En Victoria Tattoos, tu experiencia comienza aqu\u00ed. Tanto si ya tienes una idea clara como si necesitas asesoramiento, estoy aqu\u00ed para ayudarte a dar vida a tu dise\u00f1o. \u00a0 CALLE INDUSTRIA 49. Local 2 08025 Barcelona +34 619 35 39 77 C\u00f3mo Hacerlo Completa el formulario:Rellena el [&hellip;]\" \/>\n<meta property=\"og:url\" content=\"https:\/\/victoriatattoos.es\/en\/contacto\/\" \/>\n<meta property=\"og:site_name\" content=\"victoria tattoos\" \/>\n<meta property=\"article:modified_time\" content=\"2024-11-27T14:25:47+00:00\" \/>\n<meta name=\"twitter:card\" content=\"summary_large_image\" \/>\n<meta name=\"twitter:label1\" content=\"Est. reading time\" \/>\n\t<meta name=\"twitter:data1\" content=\"1 minute\" \/>\n<script type=\"application\/ld+json\" class=\"yoast-schema-graph\">{\"@context\":\"https:\/\/schema.org\",\"@graph\":[{\"@type\":\"WebPage\",\"@id\":\"https:\/\/victoriatattoos.es\/contacto\/\",\"url\":\"https:\/\/victoriatattoos.es\/contacto\/\",\"name\":\"Contacto - victoria tattoos\",\"isPartOf\":{\"@id\":\"https:\/\/victoriatattoos.es\/#website\"},\"datePublished\":\"2020-03-27T09:01:16+00:00\",\"dateModified\":\"2024-11-27T14:25:47+00:00\",\"breadcrumb\":{\"@id\":\"https:\/\/victoriatattoos.es\/contacto\/#breadcrumb\"},\"inLanguage\":\"en-US\",\"potentialAction\":[{\"@type\":\"ReadAction\",\"target\":[\"https:\/\/victoriatattoos.es\/contacto\/\"]}]},{\"@type\":\"BreadcrumbList\",\"@id\":\"https:\/\/victoriatattoos.es\/contacto\/#breadcrumb\",\"itemListElement\":[{\"@type\":\"ListItem\",\"position\":1,\"name\":\"Portada\",\"item\":\"https:\/\/victoriatattoos.es\/\"},{\"@type\":\"ListItem\",\"position\":2,\"name\":\"Contacto\"}]},{\"@type\":\"WebSite\",\"@id\":\"https:\/\/victoriatattoos.es\/#website\",\"url\":\"https:\/\/victoriatattoos.es\/\",\"name\":\"victoria tattoos\",\"description\":\"\",\"publisher\":{\"@id\":\"https:\/\/victoriatattoos.es\/#organization\"},\"potentialAction\":[{\"@type\":\"SearchAction\",\"target\":{\"@type\":\"EntryPoint\",\"urlTemplate\":\"https:\/\/victoriatattoos.es\/?s={search_term_string}\"},\"query-input\":{\"@type\":\"PropertyValueSpecification\",\"valueRequired\":true,\"valueName\":\"search_term_string\"}}],\"inLanguage\":\"en-US\"},{\"@type\":\"Organization\",\"@id\":\"https:\/\/victoriatattoos.es\/#organization\",\"name\":\"victoria tattoos\",\"url\":\"https:\/\/victoriatattoos.es\/\",\"logo\":{\"@type\":\"ImageObject\",\"inLanguage\":\"en-US\",\"@id\":\"https:\/\/victoriatattoos.es\/#\/schema\/logo\/image\/\",\"url\":\"https:\/\/victoriatattoos.es\/wp-content\/uploads\/2024\/11\/Captura-de-pantalla-2024-11-26-a-las-4.51.51\u202fp.\u202fm.png\",\"contentUrl\":\"https:\/\/victoriatattoos.es\/wp-content\/uploads\/2024\/11\/Captura-de-pantalla-2024-11-26-a-las-4.51.51\u202fp.\u202fm.png\",\"width\":1892,\"height\":3336,\"caption\":\"victoria tattoos\"},\"image\":{\"@id\":\"https:\/\/victoriatattoos.es\/#\/schema\/logo\/image\/\"}}]}<\/script>\n<!-- \/ Yoast SEO plugin. -->","yoast_head_json":{"title":"Contacto - victoria tattoos","robots":{"index":"index","follow":"follow","max-snippet":"max-snippet:-1","max-image-preview":"max-image-preview:large","max-video-preview":"max-video-preview:-1"},"canonical":"https:\/\/victoriatattoos.es\/en\/contacto\/","og_locale":"en_US","og_type":"article","og_title":"Contacto - victoria tattoos","og_description":"\u00bfListo para tu pr\u00f3ximo tatuaje? Reserva Tu Cita En Victoria Tattoos, tu experiencia comienza aqu\u00ed. Tanto si ya tienes una idea clara como si necesitas asesoramiento, estoy aqu\u00ed para ayudarte a dar vida a tu dise\u00f1o. \u00a0 CALLE INDUSTRIA 49. Local 2 08025 Barcelona +34 619 35 39 77 C\u00f3mo Hacerlo Completa el formulario:Rellena el [&hellip;]","og_url":"https:\/\/victoriatattoos.es\/en\/contacto\/","og_site_name":"victoria tattoos","article_modified_time":"2024-11-27T14:25:47+00:00","twitter_card":"summary_large_image","twitter_misc":{"Est. reading time":"1 minute"},"schema":{"@context":"https:\/\/schema.org","@graph":[{"@type":"WebPage","@id":"https:\/\/victoriatattoos.es\/contacto\/","url":"https:\/\/victoriatattoos.es\/contacto\/","name":"Contacto - victoria tattoos","isPartOf":{"@id":"https:\/\/victoriatattoos.es\/#website"},"datePublished":"2020-03-27T09:01:16+00:00","dateModified":"2024-11-27T14:25:47+00:00","breadcrumb":{"@id":"https:\/\/victoriatattoos.es\/contacto\/#breadcrumb"},"inLanguage":"en-US","potentialAction":[{"@type":"ReadAction","target":["https:\/\/victoriatattoos.es\/contacto\/"]}]},{"@type":"BreadcrumbList","@id":"https:\/\/victoriatattoos.es\/contacto\/#breadcrumb","itemListElement":[{"@type":"ListItem","position":1,"name":"Portada","item":"https:\/\/victoriatattoos.es\/"},{"@type":"ListItem","position":2,"name":"Contacto"}]},{"@type":"WebSite","@id":"https:\/\/victoriatattoos.es\/#website","url":"https:\/\/victoriatattoos.es\/","name":"victoria tattoos","description":"","publisher":{"@id":"https:\/\/victoriatattoos.es\/#organization"},"potentialAction":[{"@type":"SearchAction","target":{"@type":"EntryPoint","urlTemplate":"https:\/\/victoriatattoos.es\/?s={search_term_string}"},"query-input":{"@type":"PropertyValueSpecification","valueRequired":true,"valueName":"search_term_string"}}],"inLanguage":"en-US"},{"@type":"Organization","@id":"https:\/\/victoriatattoos.es\/#organization","name":"victoria tattoos","url":"https:\/\/victoriatattoos.es\/","logo":{"@type":"ImageObject","inLanguage":"en-US","@id":"https:\/\/victoriatattoos.es\/#\/schema\/logo\/image\/","url":"https:\/\/victoriatattoos.es\/wp-content\/uploads\/2024\/11\/Captura-de-pantalla-2024-11-26-a-las-4.51.51\u202fp.\u202fm.png","contentUrl":"https:\/\/victoriatattoos.es\/wp-content\/uploads\/2024\/11\/Captura-de-pantalla-2024-11-26-a-las-4.51.51\u202fp.\u202fm.png","width":1892,"height":3336,"caption":"victoria tattoos"},"image":{"@id":"https:\/\/victoriatattoos.es\/#\/schema\/logo\/image\/"}}]}},"_links":{"self":[{"href":"https:\/\/victoriatattoos.es\/en\/wp-json\/wp\/v2\/pages\/2201","targetHints":{"allow":["GET"]}}],"collection":[{"href":"https:\/\/victoriatattoos.es\/en\/wp-json\/wp\/v2\/pages"}],"about":[{"href":"https:\/\/victoriatattoos.es\/en\/wp-json\/wp\/v2\/types\/page"}],"author":[{"embeddable":true,"href":"https:\/\/victoriatattoos.es\/en\/wp-json\/wp\/v2\/users\/1"}],"replies":[{"embeddable":true,"href":"https:\/\/victoriatattoos.es\/en\/wp-json\/wp\/v2\/comments?post=2201"}],"version-history":[{"count":18,"href":"https:\/\/victoriatattoos.es\/en\/wp-json\/wp\/v2\/pages\/2201\/revisions"}],"predecessor-version":[{"id":4938,"href":"https:\/\/victoriatattoos.es\/en\/wp-json\/wp\/v2\/pages\/2201\/revisions\/4938"}],"wp:attachment":[{"href":"https:\/\/victoriatattoos.es\/en\/wp-json\/wp\/v2\/media?parent=2201"}],"curies":[{"name":"wp","href":"https:\/\/api.w.org\/{rel}","templated":true}]}}