{"id":4739,"date":"2024-11-27T12:09:33","date_gmt":"2024-11-27T11:09:33","guid":{"rendered":"https:\/\/victoriatattoos.es\/?page_id=4739"},"modified":"2024-11-27T15:15:58","modified_gmt":"2024-11-27T14:15:58","slug":"tattoo","status":"publish","type":"page","link":"https:\/\/victoriatattoos.es\/en\/tattoo\/","title":{"rendered":"Tattoo"},"content":{"rendered":"<div data-elementor-type=\"wp-page\" data-elementor-id=\"4739\" class=\"elementor elementor-4739\" data-elementor-post-type=\"page\">\n\t\t\t\t\t\t<section class=\"elementor-section elementor-top-section elementor-element elementor-element-00685ed elementor-section-full_width elementor-section-height-default elementor-section-height-default qodef-elementor-content-no\" data-id=\"00685ed\" data-element_type=\"section\" data-e-type=\"section\">\n\t\t\t\t\t\t<div class=\"elementor-container elementor-column-gap-default\">\n\t\t\t\t\t<div class=\"elementor-column elementor-col-100 elementor-top-column elementor-element elementor-element-3e10ad0\" data-id=\"3e10ad0\" data-element_type=\"column\" data-e-type=\"column\">\n\t\t\t<div class=\"elementor-widget-wrap elementor-element-populated\">\n\t\t\t\t\t\t<div class=\"elementor-element elementor-element-e57b442 elementor-widget elementor-widget-heading\" data-id=\"e57b442\" data-element_type=\"widget\" data-e-type=\"widget\" data-widget_type=\"heading.default\">\n\t\t\t\t<div class=\"elementor-widget-container\">\n\t\t\t\t\t<h2 class=\"elementor-heading-title elementor-size-default\">Tu piel, nuestro lienzo.<\/h2>\t\t\t\t<\/div>\n\t\t\t\t<\/div>\n\t\t\t\t<div class=\"elementor-element elementor-element-515a163 elementor-widget elementor-widget-spacer\" data-id=\"515a163\" data-element_type=\"widget\" data-e-type=\"widget\" data-widget_type=\"spacer.default\">\n\t\t\t\t<div class=\"elementor-widget-container\">\n\t\t\t\t\t\t\t<div class=\"elementor-spacer\">\n\t\t\t<div class=\"elementor-spacer-inner\"><\/div>\n\t\t<\/div>\n\t\t\t\t\t\t<\/div>\n\t\t\t\t<\/div>\n\t\t\t\t\t<\/div>\n\t\t<\/div>\n\t\t\t\t\t<\/div>\n\t\t<\/section>\n\t\t<div class=\"elementor-element elementor-element-b8455c0 e-flex e-con-boxed e-con e-parent\" data-id=\"b8455c0\" data-element_type=\"container\" data-e-type=\"container\">\n\t\t\t\t\t<div class=\"e-con-inner\">\n\t\t\t\t<div class=\"elementor-element elementor-element-dacbb5d elementor-widget elementor-widget-text-editor\" data-id=\"dacbb5d\" data-element_type=\"widget\" data-e-type=\"widget\" data-widget_type=\"text-editor.default\">\n\t\t\t\t<div class=\"elementor-widget-container\">\n\t\t\t\t\t\t\t\t\t<p style=\"text-align: center;\">En <strong>Victoria Tattoo<\/strong>, cada dise\u00f1o cuenta una historia. Mi especialidad es crear tatuajes \u00fanicos y personalizados que reflejen tus ideas, emociones y estilo. Ya sea que busques algo minimalista o una pieza m\u00e1s elaborada, estoy aqu\u00ed para convertir tus ideas en arte que llevas contigo para siempre.<\/p>\t\t\t\t\t\t\t\t<\/div>\n\t\t\t\t<\/div>\n\t\t\t\t\t<\/div>\n\t\t\t\t<\/div>\n\t\t<div class=\"elementor-element elementor-element-633c1cb e-flex e-con-boxed e-con e-parent\" data-id=\"633c1cb\" data-element_type=\"container\" data-e-type=\"container\">\n\t\t\t\t\t<div class=\"e-con-inner\">\n\t\t\t\t<div class=\"elementor-element elementor-element-97e5c9c elementor-widget elementor-widget-image\" data-id=\"97e5c9c\" data-element_type=\"widget\" data-e-type=\"widget\" data-widget_type=\"image.default\">\n\t\t\t\t<div class=\"elementor-widget-container\">\n\t\t\t\t\t\t\t\t\t\t\t\t\t\t\t<img fetchpriority=\"high\" decoding=\"async\" width=\"768\" height=\"1024\" src=\"https:\/\/victoriatattoos.es\/wp-content\/uploads\/2024\/11\/IMG_9909-768x1024.jpg\" class=\"attachment-large size-large wp-image-4588\" alt=\"\" srcset=\"https:\/\/victoriatattoos.es\/wp-content\/uploads\/2024\/11\/IMG_9909-768x1024.jpg 768w, https:\/\/victoriatattoos.es\/wp-content\/uploads\/2024\/11\/IMG_9909-225x300.jpg 225w, https:\/\/victoriatattoos.es\/wp-content\/uploads\/2024\/11\/IMG_9909-1152x1536.jpg 1152w, https:\/\/victoriatattoos.es\/wp-content\/uploads\/2024\/11\/IMG_9909-1536x2048.jpg 1536w, https:\/\/victoriatattoos.es\/wp-content\/uploads\/2024\/11\/IMG_9909-600x800.jpg 600w, https:\/\/victoriatattoos.es\/wp-content\/uploads\/2024\/11\/IMG_9909-scaled.jpg 1920w\" sizes=\"(max-width: 768px) 100vw, 768px\" \/>\t\t\t\t\t\t\t\t\t\t\t\t\t\t\t<\/div>\n\t\t\t\t<\/div>\n\t\t\t\t<div class=\"elementor-element elementor-element-ebbd9f6 elementor-widget elementor-widget-spacer\" data-id=\"ebbd9f6\" data-element_type=\"widget\" data-e-type=\"widget\" data-widget_type=\"spacer.default\">\n\t\t\t\t<div class=\"elementor-widget-container\">\n\t\t\t\t\t\t\t<div class=\"elementor-spacer\">\n\t\t\t<div class=\"elementor-spacer-inner\"><\/div>\n\t\t<\/div>\n\t\t\t\t\t\t<\/div>\n\t\t\t\t<\/div>\n\t\t\t\t<div class=\"elementor-element elementor-element-632681e elementor-widget elementor-widget-heading\" data-id=\"632681e\" data-element_type=\"widget\" data-e-type=\"widget\" data-widget_type=\"heading.default\">\n\t\t\t\t<div class=\"elementor-widget-container\">\n\t\t\t\t\t<h2 class=\"elementor-heading-title elementor-size-default\">El Proceso Creativo<\/h2>\t\t\t\t<\/div>\n\t\t\t\t<\/div>\n\t\t\t\t<div class=\"elementor-element elementor-element-df3dba5 elementor-widget elementor-widget-spacer\" data-id=\"df3dba5\" data-element_type=\"widget\" data-e-type=\"widget\" data-widget_type=\"spacer.default\">\n\t\t\t\t<div class=\"elementor-widget-container\">\n\t\t\t\t\t\t\t<div class=\"elementor-spacer\">\n\t\t\t<div class=\"elementor-spacer-inner\"><\/div>\n\t\t<\/div>\n\t\t\t\t\t\t<\/div>\n\t\t\t\t<\/div>\n\t\t\t\t\t<\/div>\n\t\t\t\t<\/div>\n\t\t<div class=\"elementor-element elementor-element-9cce8ad e-flex e-con-boxed e-con e-parent\" data-id=\"9cce8ad\" data-element_type=\"container\" data-e-type=\"container\" data-settings=\"{&quot;background_background&quot;:&quot;classic&quot;}\">\n\t\t\t\t\t<div class=\"e-con-inner\">\n\t\t<div class=\"elementor-element elementor-element-2d965e5 e-con-full e-flex e-con e-child\" data-id=\"2d965e5\" data-element_type=\"container\" data-e-type=\"container\">\n\t\t\t\t<div class=\"elementor-element elementor-element-ddaa591 elementor-widget elementor-widget-heading\" data-id=\"ddaa591\" data-element_type=\"widget\" data-e-type=\"widget\" data-widget_type=\"heading.default\">\n\t\t\t\t<div class=\"elementor-widget-container\">\n\t\t\t\t\t<h4 class=\"elementor-heading-title elementor-size-default\">Primera Consulta:<\/h4>\t\t\t\t<\/div>\n\t\t\t\t<\/div>\n\t\t\t\t<div class=\"elementor-element elementor-element-2c75dd5 elementor-widget elementor-widget-text-editor\" data-id=\"2c75dd5\" data-element_type=\"widget\" data-e-type=\"widget\" data-widget_type=\"text-editor.default\">\n\t\t\t\t<div class=\"elementor-widget-container\">\n\t\t\t\t\t\t\t\t\t<p>Cu\u00e9ntame tus ideas y hablemos sobre el dise\u00f1o que tienes en mente.<\/p>\t\t\t\t\t\t\t\t<\/div>\n\t\t\t\t<\/div>\n\t\t\t\t<\/div>\n\t\t<div class=\"elementor-element elementor-element-1418e05 e-con-full e-flex e-con e-child\" data-id=\"1418e05\" data-element_type=\"container\" data-e-type=\"container\">\n\t\t\t\t<div class=\"elementor-element elementor-element-c7cdf4d elementor-widget elementor-widget-heading\" data-id=\"c7cdf4d\" data-element_type=\"widget\" data-e-type=\"widget\" data-widget_type=\"heading.default\">\n\t\t\t\t<div class=\"elementor-widget-container\">\n\t\t\t\t\t<h4 class=\"elementor-heading-title elementor-size-default\">Dise\u00f1o Personalizado:<\/h4>\t\t\t\t<\/div>\n\t\t\t\t<\/div>\n\t\t\t\t<div class=\"elementor-element elementor-element-d5f8187 elementor-widget elementor-widget-text-editor\" data-id=\"d5f8187\" data-element_type=\"widget\" data-e-type=\"widget\" data-widget_type=\"text-editor.default\">\n\t\t\t\t<div class=\"elementor-widget-container\">\n\t\t\t\t\t\t\t\t\t<p>Crearemos juntos una propuesta \u00fanica que refleje exactamente lo que buscas.<\/p>\t\t\t\t\t\t\t\t<\/div>\n\t\t\t\t<\/div>\n\t\t\t\t<\/div>\n\t\t<div class=\"elementor-element elementor-element-ceda3e8 e-con-full e-flex e-con e-child\" data-id=\"ceda3e8\" data-element_type=\"container\" data-e-type=\"container\">\n\t\t\t\t<div class=\"elementor-element elementor-element-a5ea381 elementor-widget elementor-widget-heading\" data-id=\"a5ea381\" data-element_type=\"widget\" data-e-type=\"widget\" data-widget_type=\"heading.default\">\n\t\t\t\t<div class=\"elementor-widget-container\">\n\t\t\t\t\t<h4 class=\"elementor-heading-title elementor-size-default\">Sesi\u00f3n de Tatuaje:<\/h4>\t\t\t\t<\/div>\n\t\t\t\t<\/div>\n\t\t\t\t<div class=\"elementor-element elementor-element-98292cb elementor-widget elementor-widget-text-editor\" data-id=\"98292cb\" data-element_type=\"widget\" data-e-type=\"widget\" data-widget_type=\"text-editor.default\">\n\t\t\t\t<div class=\"elementor-widget-container\">\n\t\t\t\t\t\t\t\t\t<p>En un ambiente profesional y c\u00f3modo, transformaremos tus ideas en arte.<\/p>\t\t\t\t\t\t\t\t<\/div>\n\t\t\t\t<\/div>\n\t\t\t\t<\/div>\n\t\t<div class=\"elementor-element elementor-element-3467c22 e-con-full e-flex e-con e-child\" data-id=\"3467c22\" data-element_type=\"container\" data-e-type=\"container\">\n\t\t\t\t<div class=\"elementor-element elementor-element-109e8a3 elementor-widget elementor-widget-heading\" data-id=\"109e8a3\" data-element_type=\"widget\" data-e-type=\"widget\" data-widget_type=\"heading.default\">\n\t\t\t\t<div class=\"elementor-widget-container\">\n\t\t\t\t\t<h4 class=\"elementor-heading-title elementor-size-default\">Cuidados Posteriores:<\/h4>\t\t\t\t<\/div>\n\t\t\t\t<\/div>\n\t\t\t\t<div class=\"elementor-element elementor-element-ecddbc3 elementor-widget elementor-widget-text-editor\" data-id=\"ecddbc3\" data-element_type=\"widget\" data-e-type=\"widget\" data-widget_type=\"text-editor.default\">\n\t\t\t\t<div class=\"elementor-widget-container\">\n\t\t\t\t\t\t\t\t\t<p>Te guiar\u00e9 en el proceso de cuidado para garantizar que tu tatuaje luzca perfecto mientras cicatriza.<\/p>\t\t\t\t\t\t\t\t<\/div>\n\t\t\t\t<\/div>\n\t\t\t\t<\/div>\n\t\t\t\t\t<\/div>\n\t\t\t\t<\/div>\n\t\t<div class=\"elementor-element elementor-element-7ffb693 e-flex e-con-boxed e-con e-parent\" data-id=\"7ffb693\" data-element_type=\"container\" data-e-type=\"container\">\n\t\t\t\t\t<div class=\"e-con-inner\">\n\t\t\t\t<div class=\"elementor-element elementor-element-7354547 elementor-widget elementor-widget-spacer\" data-id=\"7354547\" data-element_type=\"widget\" data-e-type=\"widget\" data-widget_type=\"spacer.default\">\n\t\t\t\t<div class=\"elementor-widget-container\">\n\t\t\t\t\t\t\t<div class=\"elementor-spacer\">\n\t\t\t<div class=\"elementor-spacer-inner\"><\/div>\n\t\t<\/div>\n\t\t\t\t\t\t<\/div>\n\t\t\t\t<\/div>\n\t\t\t\t\t<\/div>\n\t\t\t\t<\/div>\n\t\t<div class=\"elementor-element elementor-element-29c370f e-flex e-con-boxed e-con e-parent\" data-id=\"29c370f\" data-element_type=\"container\" data-e-type=\"container\">\n\t\t\t\t\t<div class=\"e-con-inner\">\n\t\t\t\t<div class=\"elementor-element elementor-element-5c62867 elementor-widget elementor-widget-heading\" data-id=\"5c62867\" data-element_type=\"widget\" data-e-type=\"widget\" data-widget_type=\"heading.default\">\n\t\t\t\t<div class=\"elementor-widget-container\">\n\t\t\t\t\t<h2 class=\"elementor-heading-title elementor-size-default\">Reserva Tu Cita<\/h2>\t\t\t\t<\/div>\n\t\t\t\t<\/div>\n\t\t\t\t<div class=\"elementor-element elementor-element-b0d1e11 elementor-widget elementor-widget-text-editor\" data-id=\"b0d1e11\" data-element_type=\"widget\" data-e-type=\"widget\" data-widget_type=\"text-editor.default\">\n\t\t\t\t<div class=\"elementor-widget-container\">\n\t\t\t\t\t\t\t\t\t<p style=\"text-align: center;\">\u00bfListo para tu pr\u00f3ximo tatuaje? Estoy aqu\u00ed para ayudarte a llevar tu idea al siguiente nivel.<\/p>\t\t\t\t\t\t\t\t<\/div>\n\t\t\t\t<\/div>\n\t\t\t\t<div class=\"elementor-element elementor-element-96acb08 elementor-align-center elementor-widget elementor-widget-button\" data-id=\"96acb08\" data-element_type=\"widget\" data-e-type=\"widget\" data-widget_type=\"button.default\">\n\t\t\t\t<div class=\"elementor-widget-container\">\n\t\t\t\t\t\t\t\t\t<div class=\"elementor-button-wrapper\">\n\t\t\t\t\t<a class=\"elementor-button elementor-button-link elementor-size-sm\" href=\"https:\/\/victoriatattoos.es\/en\/?page_id=2201\">\n\t\t\t\t\t\t<span class=\"elementor-button-content-wrapper\">\n\t\t\t\t\t\t\t\t\t<span class=\"elementor-button-text\">Reservar<\/span>\n\t\t\t\t\t<\/span>\n\t\t\t\t\t<\/a>\n\t\t\t\t<\/div>\n\t\t\t\t\t\t\t\t<\/div>\n\t\t\t\t<\/div>\n\t\t\t\t\t<\/div>\n\t\t\t\t<\/div>\n\t\t\t\t<\/div>","protected":false},"excerpt":{"rendered":"<p>Tu piel, nuestro lienzo. En Victoria Tattoo, cada dise\u00f1o cuenta una historia. Mi especialidad es crear tatuajes \u00fanicos y personalizados que reflejen tus ideas, emociones y estilo. Ya sea que busques algo minimalista o una pieza m\u00e1s elaborada, estoy aqu\u00ed para convertir tus ideas en arte que llevas contigo para siempre. El Proceso Creativo Primera [&hellip;]<\/p>","protected":false},"author":1,"featured_media":0,"parent":0,"menu_order":0,"comment_status":"closed","ping_status":"closed","template":"","meta":{"inline_featured_image":false,"footnotes":""},"class_list":["post-4739","page","type-page","status-publish","hentry"],"yoast_head":"<!-- This site is optimized with the Yoast SEO plugin v23.9 - https:\/\/yoast.com\/wordpress\/plugins\/seo\/ -->\n<title>Tattoo - victoria tattoos<\/title>\n<meta name=\"robots\" content=\"index, follow, max-snippet:-1, max-image-preview:large, max-video-preview:-1\" \/>\n<link rel=\"canonical\" href=\"https:\/\/victoriatattoos.es\/en\/tattoo\/\" \/>\n<meta property=\"og:locale\" content=\"en_US\" \/>\n<meta property=\"og:type\" content=\"article\" \/>\n<meta property=\"og:title\" content=\"Tattoo - victoria tattoos\" \/>\n<meta property=\"og:description\" content=\"Tu piel, nuestro lienzo. En Victoria Tattoo, cada dise\u00f1o cuenta una historia. Mi especialidad es crear tatuajes \u00fanicos y personalizados que reflejen tus ideas, emociones y estilo. Ya sea que busques algo minimalista o una pieza m\u00e1s elaborada, estoy aqu\u00ed para convertir tus ideas en arte que llevas contigo para siempre. El Proceso Creativo Primera [&hellip;]\" \/>\n<meta property=\"og:url\" content=\"https:\/\/victoriatattoos.es\/en\/tattoo\/\" \/>\n<meta property=\"og:site_name\" content=\"victoria tattoos\" \/>\n<meta property=\"article:modified_time\" content=\"2024-11-27T14:15:58+00:00\" \/>\n<meta property=\"og:image\" content=\"https:\/\/victoriatattoos.es\/wp-content\/uploads\/2024\/11\/IMG_9909-768x1024.jpg\" \/>\n<meta name=\"twitter:card\" content=\"summary_large_image\" \/>\n<meta name=\"twitter:label1\" content=\"Est. reading time\" \/>\n\t<meta name=\"twitter:data1\" content=\"1 minute\" \/>\n<script type=\"application\/ld+json\" class=\"yoast-schema-graph\">{\"@context\":\"https:\/\/schema.org\",\"@graph\":[{\"@type\":\"WebPage\",\"@id\":\"https:\/\/victoriatattoos.es\/tattoo\/\",\"url\":\"https:\/\/victoriatattoos.es\/tattoo\/\",\"name\":\"Tattoo - victoria tattoos\",\"isPartOf\":{\"@id\":\"https:\/\/victoriatattoos.es\/#website\"},\"primaryImageOfPage\":{\"@id\":\"https:\/\/victoriatattoos.es\/tattoo\/#primaryimage\"},\"image\":{\"@id\":\"https:\/\/victoriatattoos.es\/tattoo\/#primaryimage\"},\"thumbnailUrl\":\"https:\/\/victoriatattoos.es\/wp-content\/uploads\/2024\/11\/IMG_9909-768x1024.jpg\",\"datePublished\":\"2024-11-27T11:09:33+00:00\",\"dateModified\":\"2024-11-27T14:15:58+00:00\",\"breadcrumb\":{\"@id\":\"https:\/\/victoriatattoos.es\/tattoo\/#breadcrumb\"},\"inLanguage\":\"en-US\",\"potentialAction\":[{\"@type\":\"ReadAction\",\"target\":[\"https:\/\/victoriatattoos.es\/tattoo\/\"]}]},{\"@type\":\"ImageObject\",\"inLanguage\":\"en-US\",\"@id\":\"https:\/\/victoriatattoos.es\/tattoo\/#primaryimage\",\"url\":\"https:\/\/victoriatattoos.es\/wp-content\/uploads\/2024\/11\/IMG_9909-768x1024.jpg\",\"contentUrl\":\"https:\/\/victoriatattoos.es\/wp-content\/uploads\/2024\/11\/IMG_9909-768x1024.jpg\"},{\"@type\":\"BreadcrumbList\",\"@id\":\"https:\/\/victoriatattoos.es\/tattoo\/#breadcrumb\",\"itemListElement\":[{\"@type\":\"ListItem\",\"position\":1,\"name\":\"Portada\",\"item\":\"https:\/\/victoriatattoos.es\/\"},{\"@type\":\"ListItem\",\"position\":2,\"name\":\"Tattoo\"}]},{\"@type\":\"WebSite\",\"@id\":\"https:\/\/victoriatattoos.es\/#website\",\"url\":\"https:\/\/victoriatattoos.es\/\",\"name\":\"victoria tattoos\",\"description\":\"\",\"publisher\":{\"@id\":\"https:\/\/victoriatattoos.es\/#organization\"},\"potentialAction\":[{\"@type\":\"SearchAction\",\"target\":{\"@type\":\"EntryPoint\",\"urlTemplate\":\"https:\/\/victoriatattoos.es\/?s={search_term_string}\"},\"query-input\":{\"@type\":\"PropertyValueSpecification\",\"valueRequired\":true,\"valueName\":\"search_term_string\"}}],\"inLanguage\":\"en-US\"},{\"@type\":\"Organization\",\"@id\":\"https:\/\/victoriatattoos.es\/#organization\",\"name\":\"victoria tattoos\",\"url\":\"https:\/\/victoriatattoos.es\/\",\"logo\":{\"@type\":\"ImageObject\",\"inLanguage\":\"en-US\",\"@id\":\"https:\/\/victoriatattoos.es\/#\/schema\/logo\/image\/\",\"url\":\"https:\/\/victoriatattoos.es\/wp-content\/uploads\/2024\/11\/Captura-de-pantalla-2024-11-26-a-las-4.51.51\u202fp.\u202fm.png\",\"contentUrl\":\"https:\/\/victoriatattoos.es\/wp-content\/uploads\/2024\/11\/Captura-de-pantalla-2024-11-26-a-las-4.51.51\u202fp.\u202fm.png\",\"width\":1892,\"height\":3336,\"caption\":\"victoria tattoos\"},\"image\":{\"@id\":\"https:\/\/victoriatattoos.es\/#\/schema\/logo\/image\/\"}}]}<\/script>\n<!-- \/ Yoast SEO plugin. -->","yoast_head_json":{"title":"Tattoo - victoria tattoos","robots":{"index":"index","follow":"follow","max-snippet":"max-snippet:-1","max-image-preview":"max-image-preview:large","max-video-preview":"max-video-preview:-1"},"canonical":"https:\/\/victoriatattoos.es\/en\/tattoo\/","og_locale":"en_US","og_type":"article","og_title":"Tattoo - victoria tattoos","og_description":"Tu piel, nuestro lienzo. En Victoria Tattoo, cada dise\u00f1o cuenta una historia. Mi especialidad es crear tatuajes \u00fanicos y personalizados que reflejen tus ideas, emociones y estilo. Ya sea que busques algo minimalista o una pieza m\u00e1s elaborada, estoy aqu\u00ed para convertir tus ideas en arte que llevas contigo para siempre. El Proceso Creativo Primera [&hellip;]","og_url":"https:\/\/victoriatattoos.es\/en\/tattoo\/","og_site_name":"victoria tattoos","article_modified_time":"2024-11-27T14:15:58+00:00","og_image":[{"url":"https:\/\/victoriatattoos.es\/wp-content\/uploads\/2024\/11\/IMG_9909-768x1024.jpg"}],"twitter_card":"summary_large_image","twitter_misc":{"Est. reading time":"1 minute"},"schema":{"@context":"https:\/\/schema.org","@graph":[{"@type":"WebPage","@id":"https:\/\/victoriatattoos.es\/tattoo\/","url":"https:\/\/victoriatattoos.es\/tattoo\/","name":"Tattoo - victoria tattoos","isPartOf":{"@id":"https:\/\/victoriatattoos.es\/#website"},"primaryImageOfPage":{"@id":"https:\/\/victoriatattoos.es\/tattoo\/#primaryimage"},"image":{"@id":"https:\/\/victoriatattoos.es\/tattoo\/#primaryimage"},"thumbnailUrl":"https:\/\/victoriatattoos.es\/wp-content\/uploads\/2024\/11\/IMG_9909-768x1024.jpg","datePublished":"2024-11-27T11:09:33+00:00","dateModified":"2024-11-27T14:15:58+00:00","breadcrumb":{"@id":"https:\/\/victoriatattoos.es\/tattoo\/#breadcrumb"},"inLanguage":"en-US","potentialAction":[{"@type":"ReadAction","target":["https:\/\/victoriatattoos.es\/tattoo\/"]}]},{"@type":"ImageObject","inLanguage":"en-US","@id":"https:\/\/victoriatattoos.es\/tattoo\/#primaryimage","url":"https:\/\/victoriatattoos.es\/wp-content\/uploads\/2024\/11\/IMG_9909-768x1024.jpg","contentUrl":"https:\/\/victoriatattoos.es\/wp-content\/uploads\/2024\/11\/IMG_9909-768x1024.jpg"},{"@type":"BreadcrumbList","@id":"https:\/\/victoriatattoos.es\/tattoo\/#breadcrumb","itemListElement":[{"@type":"ListItem","position":1,"name":"Portada","item":"https:\/\/victoriatattoos.es\/"},{"@type":"ListItem","position":2,"name":"Tattoo"}]},{"@type":"WebSite","@id":"https:\/\/victoriatattoos.es\/#website","url":"https:\/\/victoriatattoos.es\/","name":"victoria tattoos","description":"","publisher":{"@id":"https:\/\/victoriatattoos.es\/#organization"},"potentialAction":[{"@type":"SearchAction","target":{"@type":"EntryPoint","urlTemplate":"https:\/\/victoriatattoos.es\/?s={search_term_string}"},"query-input":{"@type":"PropertyValueSpecification","valueRequired":true,"valueName":"search_term_string"}}],"inLanguage":"en-US"},{"@type":"Organization","@id":"https:\/\/victoriatattoos.es\/#organization","name":"victoria tattoos","url":"https:\/\/victoriatattoos.es\/","logo":{"@type":"ImageObject","inLanguage":"en-US","@id":"https:\/\/victoriatattoos.es\/#\/schema\/logo\/image\/","url":"https:\/\/victoriatattoos.es\/wp-content\/uploads\/2024\/11\/Captura-de-pantalla-2024-11-26-a-las-4.51.51\u202fp.\u202fm.png","contentUrl":"https:\/\/victoriatattoos.es\/wp-content\/uploads\/2024\/11\/Captura-de-pantalla-2024-11-26-a-las-4.51.51\u202fp.\u202fm.png","width":1892,"height":3336,"caption":"victoria tattoos"},"image":{"@id":"https:\/\/victoriatattoos.es\/#\/schema\/logo\/image\/"}}]}},"_links":{"self":[{"href":"https:\/\/victoriatattoos.es\/en\/wp-json\/wp\/v2\/pages\/4739","targetHints":{"allow":["GET"]}}],"collection":[{"href":"https:\/\/victoriatattoos.es\/en\/wp-json\/wp\/v2\/pages"}],"about":[{"href":"https:\/\/victoriatattoos.es\/en\/wp-json\/wp\/v2\/types\/page"}],"author":[{"embeddable":true,"href":"https:\/\/victoriatattoos.es\/en\/wp-json\/wp\/v2\/users\/1"}],"replies":[{"embeddable":true,"href":"https:\/\/victoriatattoos.es\/en\/wp-json\/wp\/v2\/comments?post=4739"}],"version-history":[{"count":7,"href":"https:\/\/victoriatattoos.es\/en\/wp-json\/wp\/v2\/pages\/4739\/revisions"}],"predecessor-version":[{"id":4921,"href":"https:\/\/victoriatattoos.es\/en\/wp-json\/wp\/v2\/pages\/4739\/revisions\/4921"}],"wp:attachment":[{"href":"https:\/\/victoriatattoos.es\/en\/wp-json\/wp\/v2\/media?parent=4739"}],"curies":[{"name":"wp","href":"https:\/\/api.w.org\/{rel}","templated":true}]}}