{"id":4769,"date":"2024-11-27T12:51:52","date_gmt":"2024-11-27T11:51:52","guid":{"rendered":"https:\/\/victoriatattoos.es\/?page_id=4769"},"modified":"2024-11-27T12:57:07","modified_gmt":"2024-11-27T11:57:07","slug":"faqs-piercing","status":"publish","type":"page","link":"https:\/\/victoriatattoos.es\/en\/faqs-piercing\/","title":{"rendered":"FAQs Piercing"},"content":{"rendered":"<div data-elementor-type=\"wp-page\" data-elementor-id=\"4769\" class=\"elementor elementor-4769\" data-elementor-post-type=\"page\">\n\t\t\t\t<div class=\"elementor-element elementor-element-e380452 e-flex e-con-boxed e-con e-parent\" data-id=\"e380452\" data-element_type=\"container\" data-e-type=\"container\">\n\t\t\t\t\t<div class=\"e-con-inner\">\n\t\t\t\t<div class=\"elementor-element elementor-element-582b48c elementor-widget elementor-widget-qi_addons_for_elementor_faq\" data-id=\"582b48c\" data-element_type=\"widget\" data-e-type=\"widget\" data-widget_type=\"qi_addons_for_elementor_faq.default\">\n\t\t\t\t<div class=\"elementor-widget-container\">\n\t\t\t\t\t<div class=\"qodef-shortcode qodef-m qodef-qi-faq qodef-qi-clear qodef-behavior--none qodef-layout--simple qodef-style--standard\">\n\t<h3 class=\"qodef-e-title-holder\">\n\t<span class=\"qodef-e-title\">\n\t\t\t\t\u00bfC\u00f3mo me preparo para un piercing?\t<\/span>\n\t<\/h3>\n<div class=\"qodef-e-content\">\n\t<div class=\"qodef-e-content-inner\">\n\t\t<p>Te recomiendo comer algo ligero unas 2 horas antes de tu cita y asegurarte de estar bien<\/p><p>hidratado y descansado, especialmente la noche anterior.<\/p><p>Si te vas a hacer un piercing en la oreja, lo mejor es llevar el pelo recogido y evitar<\/p><p>productos como sprays, geles o tintes reci\u00e9n aplicados para mantener la oreja limpia.<\/p><p>No vengas al estudio bajo los efectos de alcohol o drogas. Las perforaciones pueden dar<\/p><p>algo de miedo, pero es importante que est\u00e9s completamente en tus cabales. Si llegas<\/p><p>intoxicado, no podr\u00e9 hacerte el piercing.<\/p><p>Para un piercing en el cuerpo, como el del ombligo, es mejor usar ropa c\u00f3moda y suelta.<\/p><p>Evita ropa apretada o de cintura alta, ya que podr\u00eda rozar con el piercing y ser inc\u00f3moda<\/p><p>despu\u00e9s.<\/p>\t<\/div>\n<\/div>\n<h3 class=\"qodef-e-title-holder\">\n\t<span class=\"qodef-e-title\">\n\t\t\t\t\u00bfPuedo traer acompa\u00f1ante?\t<\/span>\n\t<\/h3>\n<div class=\"qodef-e-content\">\n\t<div class=\"qodef-e-content-inner\">\n\t\t<p>\u00a1Claro que puedes traer a alguien contigo a tu cita! Si\u00e9ntete libre de venir con amigos o<\/p><p>familiares para que compartan la experiencia. Eso s\u00ed, todos en el estudio han de tener un<\/p><p>buen comportamiento y seguir las indicaciones del personal.<\/p><p>El estudio es un espacio donde se siguen estrictos protocolos de limpieza y seguridad, por<\/p><p>lo que debe ser tratado con respeto.<\/p><p>Los menores son bienvenidos, pero siempre deben estar acompa\u00f1ados por un adulto. En<\/p><p>cabina solo podr\u00e1 entrar el profesional y la persona que se perforar\u00e1, por lo que no se<\/p><p>permite que los menores de 12 a\u00f1os est\u00e9n solos en el vest\u00edbulo o en las salas de piercing.<\/p><p>Si un adulto est\u00e1 recibiendo un servicio, lo ideal es que haya otro adulto acompa\u00f1ando al<\/p><p>menor dentro del estudio.<\/p><p>Sabemos que las perforaciones pueden ser un tema interesante y educativo para los<\/p><p>menores, pero recuerda que el estudio es un lugar tranquilo, de relajaci\u00f3n y cuidado. T en<\/p><p>eso en cuenta si vienes con compa\u00f1\u00eda.<\/p>\t<\/div>\n<\/div>\n<h3 class=\"qodef-e-title-holder\">\n\t<span class=\"qodef-e-title\">\n\t\t\t\t\u00bfCu\u00e1ntas perforaciones puedo hacerme a la vez?\t<\/span>\n\t<\/h3>\n<div class=\"qodef-e-content\">\n\t<div class=\"qodef-e-content-inner\">\n\t\t<p>No recomiendo hacer m\u00e1s de 4 perforaciones al mismo tiempo. Se valorar\u00e1n las<\/p><p>limitaciones individuales que puedas tener, y buscando la forma m\u00e1s segura y c\u00f3moda de<\/p><p>alcanzar tu proyecto a largo plazo, teniendo en cuenta tu estilo de vida, h\u00e1bitos de sue\u00f1o,<\/p><p>etc.<\/p><p>Recuerda, el piercing requiere paciencia y respeto por tu cuerpo.<\/p>\t<\/div>\n<\/div>\n<h3 class=\"qodef-e-title-holder\">\n\t<span class=\"qodef-e-title\">\n\t\t\t\tCuidados posteriores para tu piercing\t<\/span>\n\t<\/h3>\n<div class=\"qodef-e-content\">\n\t<div class=\"qodef-e-content-inner\">\n\t\t<p>\u00a1Enhorabuena por tu perforaci\u00f3n! Ahora llega una de las partes m\u00e1s importantes: los<\/p><p>cuidados posteriores. Son sencillos, pero es esencial que seas constante y paciente.<\/p><p>T e recomiendo limpiar tu piercing una vez al d\u00eda con suero fisiol\u00f3gico est\u00e9ril. Lo ideal es<\/p><p>usar suero monodosis.<\/p><p>Primero, l\u00e1vate bien las manos y ten una gasa o bastoncillo a mano. Empapa el piercing o la<\/p><p>gasa con suero fisiol\u00f3gico y humedece el \u00e1rea para ablandar la sustancia blanquecina que<\/p><p>puede salir alrededor del piercing (no es pus, es un l\u00edquido linf\u00e1tico que tu cuerpo produce<\/p><p>mientras sana).<\/p><p>Con mucho cuidado, limpia el piercing y los alrededores. Lo ideal es no mover el piercing,<\/p><p>pero si no consigues limpiarlo bien, puedes mover un poco la joya despu\u00e9s de humedecerla.<\/p><p>Luego, con otra gasa o bastoncillo, seca bien el piercing y la zona. Este paso es clave, ya<\/p><p>que la humedad alrededor del piercing aumenta el riesgo de bacterias. Por eso, es<\/p><p>importante secarlo bien despu\u00e9s de ducharte, hacer ejercicio o cualquier otra actividad que<\/p><p>implique que la zona se humedezca.<\/p><p>Evita piscinas, lagos y saunas durante las primeras semanas. T en cuidado en general: evita<\/p><p>que se enganche, no duermas sobre el lado de la perforaci\u00f3n, y usa el sentido com\u00fan.Deber\u00edas seguir estos cuidados durante los primeros meses. Si notas m\u00e1s suciedad en<\/p><p>alg\u00fan momento, limpia m\u00e1s frecuentemente.<\/p><p>Es muy importante hacer un \u201cdownsize\u201d (cambio de barra) aproximadamente un mes<\/p><p>despu\u00e9s de la perforaci\u00f3n. Se usa una joya m\u00e1s larga al principio para dar espacio a la<\/p><p>inflamaci\u00f3n, y al cambiarla, evitas enganchones, que el piercing se tuerza y otros<\/p><p>problemas. Adem\u00e1s, tu joya se ver\u00e1 mucho m\u00e1s bonita.<\/p><p>Si tienes cualquier problema o duda, no dudes en escribirme o venir a visitarme.<\/p>\t<\/div>\n<\/div>\n<\/div>\n\t<script type=\"application\/ld+json\">{\"@context\":\"https:\\\/\\\/schema.org\",\"@type\":\"FAQPage\",\"mainEntity\":[{\"@type\":\"Question\",\"name\":\"\\u00bfC\\u00f3mo me preparo para un piercing?\",\"acceptedAnswer\":{\"@type\":\"Answer\",\"text\":\"<p>Te recomiendo comer algo ligero unas 2 horas antes de tu cita y asegurarte de estar bien<\\\/p><p>hidratado y descansado, especialmente la noche anterior.<\\\/p><p>Si te vas a hacer un piercing en la oreja, lo mejor es llevar el pelo recogido y evitar<\\\/p><p>productos como sprays, geles o tintes reci\\u00e9n aplicados para mantener la oreja limpia.<\\\/p><p>No vengas al estudio bajo los efectos de alcohol o drogas. Las perforaciones pueden dar<\\\/p><p>algo de miedo, pero es importante que est\\u00e9s completamente en tus cabales. Si llegas<\\\/p><p>intoxicado, no podr\\u00e9 hacerte el piercing.<\\\/p><p>Para un piercing en el cuerpo, como el del ombligo, es mejor usar ropa c\\u00f3moda y suelta.<\\\/p><p>Evita ropa apretada o de cintura alta, ya que podr\\u00eda rozar con el piercing y ser inc\\u00f3moda<\\\/p><p>despu\\u00e9s.<\\\/p>\"}},{\"@type\":\"Question\",\"name\":\"\\u00bfPuedo traer acompa\\u00f1ante?\",\"acceptedAnswer\":{\"@type\":\"Answer\",\"text\":\"<p>\\u00a1Claro que puedes traer a alguien contigo a tu cita! Si\\u00e9ntete libre de venir con amigos o<\\\/p><p>familiares para que compartan la experiencia. Eso s\\u00ed, todos en el estudio han de tener un<\\\/p><p>buen comportamiento y seguir las indicaciones del personal.<\\\/p><p>El estudio es un espacio donde se siguen estrictos protocolos de limpieza y seguridad, por<\\\/p><p>lo que debe ser tratado con respeto.<\\\/p><p>Los menores son bienvenidos, pero siempre deben estar acompa\\u00f1ados por un adulto. En<\\\/p><p>cabina solo podr\\u00e1 entrar el profesional y la persona que se perforar\\u00e1, por lo que no se<\\\/p><p>permite que los menores de 12 a\\u00f1os est\\u00e9n solos en el vest\\u00edbulo o en las salas de piercing.<\\\/p><p>Si un adulto est\\u00e1 recibiendo un servicio, lo ideal es que haya otro adulto acompa\\u00f1ando al<\\\/p><p>menor dentro del estudio.<\\\/p><p>Sabemos que las perforaciones pueden ser un tema interesante y educativo para los<\\\/p><p>menores, pero recuerda que el estudio es un lugar tranquilo, de relajaci\\u00f3n y cuidado. T en<\\\/p><p>eso en cuenta si vienes con compa\\u00f1\\u00eda.<\\\/p>\"}},{\"@type\":\"Question\",\"name\":\"\\u00bfCu\\u00e1ntas perforaciones puedo hacerme a la vez?\",\"acceptedAnswer\":{\"@type\":\"Answer\",\"text\":\"<p>No recomiendo hacer m\\u00e1s de 4 perforaciones al mismo tiempo. Se valorar\\u00e1n las<\\\/p><p>limitaciones individuales que puedas tener, y buscando la forma m\\u00e1s segura y c\\u00f3moda de<\\\/p><p>alcanzar tu proyecto a largo plazo, teniendo en cuenta tu estilo de vida, h\\u00e1bitos de sue\\u00f1o,<\\\/p><p>etc.<\\\/p><p>Recuerda, el piercing requiere paciencia y respeto por tu cuerpo.<\\\/p>\"}},{\"@type\":\"Question\",\"name\":\"Cuidados posteriores para tu piercing\",\"acceptedAnswer\":{\"@type\":\"Answer\",\"text\":\"<p>\\u00a1Enhorabuena por tu perforaci\\u00f3n! Ahora llega una de las partes m\\u00e1s importantes: los<\\\/p><p>cuidados posteriores. Son sencillos, pero es esencial que seas constante y paciente.<\\\/p><p>T e recomiendo limpiar tu piercing una vez al d\\u00eda con suero fisiol\\u00f3gico est\\u00e9ril. Lo ideal es<\\\/p><p>usar suero monodosis.<\\\/p><p>Primero, l\\u00e1vate bien las manos y ten una gasa o bastoncillo a mano. Empapa el piercing o la<\\\/p><p>gasa con suero fisiol\\u00f3gico y humedece el \\u00e1rea para ablandar la sustancia blanquecina que<\\\/p><p>puede salir alrededor del piercing (no es pus, es un l\\u00edquido linf\\u00e1tico que tu cuerpo produce<\\\/p><p>mientras sana).<\\\/p><p>Con mucho cuidado, limpia el piercing y los alrededores. Lo ideal es no mover el piercing,<\\\/p><p>pero si no consigues limpiarlo bien, puedes mover un poco la joya despu\\u00e9s de humedecerla.<\\\/p><p>Luego, con otra gasa o bastoncillo, seca bien el piercing y la zona. Este paso es clave, ya<\\\/p><p>que la humedad alrededor del piercing aumenta el riesgo de bacterias. Por eso, es<\\\/p><p>importante secarlo bien despu\\u00e9s de ducharte, hacer ejercicio o cualquier otra actividad que<\\\/p><p>implique que la zona se humedezca.<\\\/p><p>Evita piscinas, lagos y saunas durante las primeras semanas. T en cuidado en general: evita<\\\/p><p>que se enganche, no duermas sobre el lado de la perforaci\\u00f3n, y usa el sentido com\\u00fan.Deber\\u00edas seguir estos cuidados durante los primeros meses. Si notas m\\u00e1s suciedad en<\\\/p><p>alg\\u00fan momento, limpia m\\u00e1s frecuentemente.<\\\/p><p>Es muy importante hacer un \\u201cdownsize\\u201d (cambio de barra) aproximadamente un mes<\\\/p><p>despu\\u00e9s de la perforaci\\u00f3n. Se usa una joya m\\u00e1s larga al principio para dar espacio a la<\\\/p><p>inflamaci\\u00f3n, y al cambiarla, evitas enganchones, que el piercing se tuerza y otros<\\\/p><p>problemas. Adem\\u00e1s, tu joya se ver\\u00e1 mucho m\\u00e1s bonita.<\\\/p><p>Si tienes cualquier problema o duda, no dudes en escribirme o venir a visitarme.<\\\/p>\"}}]}<\/script>\n\t\t\t\t<\/div>\n\t\t\t\t<\/div>\n\t\t\t\t\t<\/div>\n\t\t\t\t<\/div>\n\t\t\t\t<\/div>","protected":false},"excerpt":{"rendered":"<p>\u00bfC\u00f3mo me preparo para un piercing? Te recomiendo comer algo ligero unas 2 horas antes de tu cita y asegurarte de estar bien hidratado y descansado, especialmente la noche anterior. Si te vas a hacer un piercing en la oreja, lo mejor es llevar el pelo recogido y evitar productos como sprays, geles o tintes [&hellip;]<\/p>","protected":false},"author":1,"featured_media":0,"parent":0,"menu_order":0,"comment_status":"closed","ping_status":"closed","template":"","meta":{"inline_featured_image":false,"footnotes":""},"class_list":["post-4769","page","type-page","status-publish","hentry"],"yoast_head":"<!-- This site is optimized with the Yoast SEO plugin v23.9 - https:\/\/yoast.com\/wordpress\/plugins\/seo\/ -->\n<title>FAQs Piercing - victoria tattoos<\/title>\n<meta name=\"robots\" content=\"index, follow, max-snippet:-1, max-image-preview:large, max-video-preview:-1\" \/>\n<link rel=\"canonical\" href=\"https:\/\/victoriatattoos.es\/en\/faqs-piercing\/\" \/>\n<meta property=\"og:locale\" content=\"en_US\" \/>\n<meta property=\"og:type\" content=\"article\" \/>\n<meta property=\"og:title\" content=\"FAQs Piercing - victoria tattoos\" \/>\n<meta property=\"og:description\" content=\"\u00bfC\u00f3mo me preparo para un piercing? Te recomiendo comer algo ligero unas 2 horas antes de tu cita y asegurarte de estar bien hidratado y descansado, especialmente la noche anterior. Si te vas a hacer un piercing en la oreja, lo mejor es llevar el pelo recogido y evitar productos como sprays, geles o tintes [&hellip;]\" \/>\n<meta property=\"og:url\" content=\"https:\/\/victoriatattoos.es\/en\/faqs-piercing\/\" \/>\n<meta property=\"og:site_name\" content=\"victoria tattoos\" \/>\n<meta property=\"article:modified_time\" content=\"2024-11-27T11:57:07+00:00\" \/>\n<meta name=\"twitter:card\" content=\"summary_large_image\" \/>\n<meta name=\"twitter:label1\" content=\"Est. reading time\" \/>\n\t<meta name=\"twitter:data1\" content=\"3 minutes\" \/>\n<script type=\"application\/ld+json\" class=\"yoast-schema-graph\">{\"@context\":\"https:\/\/schema.org\",\"@graph\":[{\"@type\":\"WebPage\",\"@id\":\"https:\/\/victoriatattoos.es\/faqs-piercing\/\",\"url\":\"https:\/\/victoriatattoos.es\/faqs-piercing\/\",\"name\":\"FAQs Piercing - victoria tattoos\",\"isPartOf\":{\"@id\":\"https:\/\/victoriatattoos.es\/#website\"},\"datePublished\":\"2024-11-27T11:51:52+00:00\",\"dateModified\":\"2024-11-27T11:57:07+00:00\",\"breadcrumb\":{\"@id\":\"https:\/\/victoriatattoos.es\/faqs-piercing\/#breadcrumb\"},\"inLanguage\":\"en-US\",\"potentialAction\":[{\"@type\":\"ReadAction\",\"target\":[\"https:\/\/victoriatattoos.es\/faqs-piercing\/\"]}]},{\"@type\":\"BreadcrumbList\",\"@id\":\"https:\/\/victoriatattoos.es\/faqs-piercing\/#breadcrumb\",\"itemListElement\":[{\"@type\":\"ListItem\",\"position\":1,\"name\":\"Portada\",\"item\":\"https:\/\/victoriatattoos.es\/\"},{\"@type\":\"ListItem\",\"position\":2,\"name\":\"FAQs Piercing\"}]},{\"@type\":\"WebSite\",\"@id\":\"https:\/\/victoriatattoos.es\/#website\",\"url\":\"https:\/\/victoriatattoos.es\/\",\"name\":\"victoria tattoos\",\"description\":\"\",\"publisher\":{\"@id\":\"https:\/\/victoriatattoos.es\/#organization\"},\"potentialAction\":[{\"@type\":\"SearchAction\",\"target\":{\"@type\":\"EntryPoint\",\"urlTemplate\":\"https:\/\/victoriatattoos.es\/?s={search_term_string}\"},\"query-input\":{\"@type\":\"PropertyValueSpecification\",\"valueRequired\":true,\"valueName\":\"search_term_string\"}}],\"inLanguage\":\"en-US\"},{\"@type\":\"Organization\",\"@id\":\"https:\/\/victoriatattoos.es\/#organization\",\"name\":\"victoria tattoos\",\"url\":\"https:\/\/victoriatattoos.es\/\",\"logo\":{\"@type\":\"ImageObject\",\"inLanguage\":\"en-US\",\"@id\":\"https:\/\/victoriatattoos.es\/#\/schema\/logo\/image\/\",\"url\":\"https:\/\/victoriatattoos.es\/wp-content\/uploads\/2024\/11\/Captura-de-pantalla-2024-11-26-a-las-4.51.51\u202fp.\u202fm.png\",\"contentUrl\":\"https:\/\/victoriatattoos.es\/wp-content\/uploads\/2024\/11\/Captura-de-pantalla-2024-11-26-a-las-4.51.51\u202fp.\u202fm.png\",\"width\":1892,\"height\":3336,\"caption\":\"victoria tattoos\"},\"image\":{\"@id\":\"https:\/\/victoriatattoos.es\/#\/schema\/logo\/image\/\"}}]}<\/script>\n<!-- \/ Yoast SEO plugin. -->","yoast_head_json":{"title":"FAQs Piercing - victoria tattoos","robots":{"index":"index","follow":"follow","max-snippet":"max-snippet:-1","max-image-preview":"max-image-preview:large","max-video-preview":"max-video-preview:-1"},"canonical":"https:\/\/victoriatattoos.es\/en\/faqs-piercing\/","og_locale":"en_US","og_type":"article","og_title":"FAQs Piercing - victoria tattoos","og_description":"\u00bfC\u00f3mo me preparo para un piercing? Te recomiendo comer algo ligero unas 2 horas antes de tu cita y asegurarte de estar bien hidratado y descansado, especialmente la noche anterior. Si te vas a hacer un piercing en la oreja, lo mejor es llevar el pelo recogido y evitar productos como sprays, geles o tintes [&hellip;]","og_url":"https:\/\/victoriatattoos.es\/en\/faqs-piercing\/","og_site_name":"victoria tattoos","article_modified_time":"2024-11-27T11:57:07+00:00","twitter_card":"summary_large_image","twitter_misc":{"Est. reading time":"3 minutes"},"schema":{"@context":"https:\/\/schema.org","@graph":[{"@type":"WebPage","@id":"https:\/\/victoriatattoos.es\/faqs-piercing\/","url":"https:\/\/victoriatattoos.es\/faqs-piercing\/","name":"FAQs Piercing - victoria tattoos","isPartOf":{"@id":"https:\/\/victoriatattoos.es\/#website"},"datePublished":"2024-11-27T11:51:52+00:00","dateModified":"2024-11-27T11:57:07+00:00","breadcrumb":{"@id":"https:\/\/victoriatattoos.es\/faqs-piercing\/#breadcrumb"},"inLanguage":"en-US","potentialAction":[{"@type":"ReadAction","target":["https:\/\/victoriatattoos.es\/faqs-piercing\/"]}]},{"@type":"BreadcrumbList","@id":"https:\/\/victoriatattoos.es\/faqs-piercing\/#breadcrumb","itemListElement":[{"@type":"ListItem","position":1,"name":"Portada","item":"https:\/\/victoriatattoos.es\/"},{"@type":"ListItem","position":2,"name":"FAQs Piercing"}]},{"@type":"WebSite","@id":"https:\/\/victoriatattoos.es\/#website","url":"https:\/\/victoriatattoos.es\/","name":"victoria tattoos","description":"","publisher":{"@id":"https:\/\/victoriatattoos.es\/#organization"},"potentialAction":[{"@type":"SearchAction","target":{"@type":"EntryPoint","urlTemplate":"https:\/\/victoriatattoos.es\/?s={search_term_string}"},"query-input":{"@type":"PropertyValueSpecification","valueRequired":true,"valueName":"search_term_string"}}],"inLanguage":"en-US"},{"@type":"Organization","@id":"https:\/\/victoriatattoos.es\/#organization","name":"victoria tattoos","url":"https:\/\/victoriatattoos.es\/","logo":{"@type":"ImageObject","inLanguage":"en-US","@id":"https:\/\/victoriatattoos.es\/#\/schema\/logo\/image\/","url":"https:\/\/victoriatattoos.es\/wp-content\/uploads\/2024\/11\/Captura-de-pantalla-2024-11-26-a-las-4.51.51\u202fp.\u202fm.png","contentUrl":"https:\/\/victoriatattoos.es\/wp-content\/uploads\/2024\/11\/Captura-de-pantalla-2024-11-26-a-las-4.51.51\u202fp.\u202fm.png","width":1892,"height":3336,"caption":"victoria tattoos"},"image":{"@id":"https:\/\/victoriatattoos.es\/#\/schema\/logo\/image\/"}}]}},"_links":{"self":[{"href":"https:\/\/victoriatattoos.es\/en\/wp-json\/wp\/v2\/pages\/4769","targetHints":{"allow":["GET"]}}],"collection":[{"href":"https:\/\/victoriatattoos.es\/en\/wp-json\/wp\/v2\/pages"}],"about":[{"href":"https:\/\/victoriatattoos.es\/en\/wp-json\/wp\/v2\/types\/page"}],"author":[{"embeddable":true,"href":"https:\/\/victoriatattoos.es\/en\/wp-json\/wp\/v2\/users\/1"}],"replies":[{"embeddable":true,"href":"https:\/\/victoriatattoos.es\/en\/wp-json\/wp\/v2\/comments?post=4769"}],"version-history":[{"count":13,"href":"https:\/\/victoriatattoos.es\/en\/wp-json\/wp\/v2\/pages\/4769\/revisions"}],"predecessor-version":[{"id":4790,"href":"https:\/\/victoriatattoos.es\/en\/wp-json\/wp\/v2\/pages\/4769\/revisions\/4790"}],"wp:attachment":[{"href":"https:\/\/victoriatattoos.es\/en\/wp-json\/wp\/v2\/media?parent=4769"}],"curies":[{"name":"wp","href":"https:\/\/api.w.org\/{rel}","templated":true}]}}